{"id":2062,"date":"2019-09-17T10:19:58","date_gmt":"2019-09-17T08:19:58","guid":{"rendered":"http:\/\/www.billards-breton.com\/table-billard-competition\/"},"modified":"2023-07-06T17:31:03","modified_gmt":"2023-07-06T15:31:03","slug":"competition-billiard-tables","status":"publish","type":"page","link":"https:\/\/www.billards-breton.com\/en\/competition-billiard-tables\/","title":{"rendered":"Competition billiard tables"},"content":{"rendered":"\t\t<div data-elementor-type=\"wp-page\" data-elementor-id=\"2062\" class=\"elementor elementor-2062 elementor-469\" data-elementor-post-type=\"page\">\n\t\t\t\t\t\t<section class=\"elementor-section elementor-top-section elementor-element elementor-element-6fce2056 elementor-section-boxed elementor-section-height-default elementor-section-height-default\" data-id=\"6fce2056\" data-element_type=\"section\" data-e-type=\"section\">\n\t\t\t\t\t\t<div class=\"elementor-container elementor-column-gap-default\">\n\t\t\t\t\t<div class=\"elementor-column elementor-col-100 elementor-top-column elementor-element elementor-element-6a6f2db8\" data-id=\"6a6f2db8\" data-element_type=\"column\" data-e-type=\"column\">\n\t\t\t<div class=\"elementor-widget-wrap elementor-element-populated\">\n\t\t\t\t\t\t<div class=\"elementor-element elementor-element-201a5581 elementor-widget elementor-widget-woocommerce-breadcrumb\" data-id=\"201a5581\" data-element_type=\"widget\" data-e-type=\"widget\" data-widget_type=\"woocommerce-breadcrumb.default\">\n\t\t\t\t<div class=\"elementor-widget-container\">\n\t\t\t\t\t<nav class=\"woocommerce-breadcrumb\" aria-label=\"Breadcrumb\">Billards Breton<\/nav>\t\t\t\t<\/div>\n\t\t\t\t<\/div>\n\t\t\t\t\t<\/div>\n\t\t<\/div>\n\t\t\t\t\t<\/div>\n\t\t<\/section>\n\t\t\t\t<section class=\"elementor-section elementor-top-section elementor-element elementor-element-683f79e8 elementor-section-boxed elementor-section-height-default elementor-section-height-default\" data-id=\"683f79e8\" data-element_type=\"section\" data-e-type=\"section\">\n\t\t\t\t\t\t<div class=\"elementor-container elementor-column-gap-default\">\n\t\t\t\t\t<div class=\"elementor-column elementor-col-100 elementor-top-column elementor-element elementor-element-fb0f077\" data-id=\"fb0f077\" data-element_type=\"column\" data-e-type=\"column\">\n\t\t\t<div class=\"elementor-widget-wrap elementor-element-populated\">\n\t\t\t\t\t\t<div class=\"elementor-element elementor-element-6095b83b elementor-widget elementor-widget-heading\" data-id=\"6095b83b\" data-element_type=\"widget\" data-e-type=\"widget\" data-widget_type=\"heading.default\">\n\t\t\t\t<div class=\"elementor-widget-container\">\n\t\t\t\t\t<h1 class=\"elementor-heading-title elementor-size-default\">Table de billard de comp\u00e9tition<\/h1>\t\t\t\t<\/div>\n\t\t\t\t<\/div>\n\t\t\t\t<div class=\"elementor-element elementor-element-15d11be2 elementor-widget elementor-widget-text-editor\" data-id=\"15d11be2\" data-element_type=\"widget\" data-e-type=\"widget\" data-widget_type=\"text-editor.default\">\n\t\t\t\t<div class=\"elementor-widget-container\">\n\t\t\t\t\t\t\t\t\t<p>Powerful billiard tables for experienced and professional players.<\/p>\t\t\t\t\t\t\t\t<\/div>\n\t\t\t\t<\/div>\n\t\t\t\t\t<\/div>\n\t\t<\/div>\n\t\t\t\t\t<\/div>\n\t\t<\/section>\n\t\t\t\t<section class=\"elementor-section elementor-top-section elementor-element elementor-element-7d9c14d9 elementor-section-boxed elementor-section-height-default elementor-section-height-default\" data-id=\"7d9c14d9\" data-element_type=\"section\" data-e-type=\"section\">\n\t\t\t\t\t\t<div class=\"elementor-container elementor-column-gap-narrow\">\n\t\t\t\t\t<div class=\"elementor-column elementor-col-33 elementor-top-column elementor-element elementor-element-635c2e4d\" data-id=\"635c2e4d\" data-element_type=\"column\" data-e-type=\"column\">\n\t\t\t<div class=\"elementor-widget-wrap elementor-element-populated\">\n\t\t\t\t\t\t<div class=\"elementor-element elementor-element-4ccb77e4 elementor-position-top elementor-widget elementor-widget-image-box\" data-id=\"4ccb77e4\" data-element_type=\"widget\" data-e-type=\"widget\" data-widget_type=\"image-box.default\">\n\t\t\t\t<div class=\"elementor-widget-container\">\n\t\t\t\t\t<div class=\"elementor-image-box-wrapper\"><figure class=\"elementor-image-box-img\"><a href=\"https:\/\/www.billards-breton.com\/en\/competition-billiard-tables\/aero-competition\/\" tabindex=\"-1\"><img decoding=\"async\" src=\"https:\/\/www.billards-breton.com\/wp-content\/uploads\/elementor\/thumbs\/Aero-competition-coree-rlgren599fo2b192ntpmdzp3u43qb2catzom4s391c.jpg\" title=\"Aero competition cor\u00e9e\" alt=\"Un club de billard au style design soign\u00e9\" loading=\"lazy\" \/><\/a><\/figure><div class=\"elementor-image-box-content\"><h2 class=\"elementor-image-box-title\"><a href=\"https:\/\/www.billards-breton.com\/en\/competition-billiard-tables\/aero-competition\/\">Aero competition billiard table<\/a><\/h2><p class=\"elementor-image-box-description\">Notre toute derni\u00e8re r\u00e9f\u00e9rence destin\u00e9e aux joueurs les plus exigeants<\/p><\/div><\/div>\t\t\t\t<\/div>\n\t\t\t\t<\/div>\n\t\t\t\t<div class=\"elementor-element elementor-element-6b645f17 elementor-align-center elementor-widget elementor-widget-button\" data-id=\"6b645f17\" data-element_type=\"widget\" data-e-type=\"widget\" data-widget_type=\"button.default\">\n\t\t\t\t<div class=\"elementor-widget-container\">\n\t\t\t\t\t\t\t\t\t<div class=\"elementor-button-wrapper\">\n\t\t\t\t\t<a class=\"elementor-button elementor-button-link elementor-size-sm\" href=\"https:\/\/www.billards-breton.com\/en\/competition-billiard-tables\/aero-competition\/\">\n\t\t\t\t\t\t<span class=\"elementor-button-content-wrapper\">\n\t\t\t\t\t\t\t\t\t<span class=\"elementor-button-text\">Discover<\/span>\n\t\t\t\t\t<\/span>\n\t\t\t\t\t<\/a>\n\t\t\t\t<\/div>\n\t\t\t\t\t\t\t\t<\/div>\n\t\t\t\t<\/div>\n\t\t\t\t\t<\/div>\n\t\t<\/div>\n\t\t\t\t<div class=\"elementor-column elementor-col-33 elementor-top-column elementor-element elementor-element-1d072b59\" data-id=\"1d072b59\" data-element_type=\"column\" data-e-type=\"column\">\n\t\t\t<div class=\"elementor-widget-wrap elementor-element-populated\">\n\t\t\t\t\t\t<div class=\"elementor-element elementor-element-536c0a86 elementor-position-top elementor-widget elementor-widget-image-box\" data-id=\"536c0a86\" data-element_type=\"widget\" data-e-type=\"widget\" data-widget_type=\"image-box.default\">\n\t\t\t\t<div class=\"elementor-widget-container\">\n\t\t\t\t\t<div class=\"elementor-image-box-wrapper\"><figure class=\"elementor-image-box-img\"><a href=\"https:\/\/www.billards-breton.com\/en\/competition-billiard-tables\/break-competition\/\" tabindex=\"-1\"><img decoding=\"async\" src=\"https:\/\/www.billards-breton.com\/wp-content\/uploads\/elementor\/thumbs\/billards-americain-design-break-as-de-pique-billards-breton-1-rlgrf42cogb840khx10wmvfej1sc5m7gwbfcrre5xc.jpg\" title=\"billards-americain-design-break-as-de-pique-billards-breton\" alt=\"billards-americain-design-break-as-de-pique-billards-breton\" loading=\"lazy\" \/><\/a><\/figure><div class=\"elementor-image-box-content\"><h2 class=\"elementor-image-box-title\"><a href=\"https:\/\/www.billards-breton.com\/en\/competition-billiard-tables\/break-competition\/\">Break competition billiard table<\/a><\/h2><p class=\"elementor-image-box-description\">In competition as at home: exceptional gaming sensations!<\/p><\/div><\/div>\t\t\t\t<\/div>\n\t\t\t\t<\/div>\n\t\t\t\t<div class=\"elementor-element elementor-element-5ff584cc elementor-align-center elementor-widget elementor-widget-button\" data-id=\"5ff584cc\" data-element_type=\"widget\" data-e-type=\"widget\" data-widget_type=\"button.default\">\n\t\t\t\t<div class=\"elementor-widget-container\">\n\t\t\t\t\t\t\t\t\t<div class=\"elementor-button-wrapper\">\n\t\t\t\t\t<a class=\"elementor-button elementor-button-link elementor-size-sm\" href=\"https:\/\/www.billards-breton.com\/en\/competition-billiard-tables\/break-competition\/\">\n\t\t\t\t\t\t<span class=\"elementor-button-content-wrapper\">\n\t\t\t\t\t\t\t\t\t<span class=\"elementor-button-text\">Discover<\/span>\n\t\t\t\t\t<\/span>\n\t\t\t\t\t<\/a>\n\t\t\t\t<\/div>\n\t\t\t\t\t\t\t\t<\/div>\n\t\t\t\t<\/div>\n\t\t\t\t\t<\/div>\n\t\t<\/div>\n\t\t\t\t<div class=\"elementor-column elementor-col-33 elementor-top-column elementor-element elementor-element-1231f160\" data-id=\"1231f160\" data-element_type=\"column\" data-e-type=\"column\">\n\t\t\t<div class=\"elementor-widget-wrap elementor-element-populated\">\n\t\t\t\t\t\t<div class=\"elementor-element elementor-element-316b551d elementor-position-top elementor-widget elementor-widget-image-box\" data-id=\"316b551d\" data-element_type=\"widget\" data-e-type=\"widget\" data-widget_type=\"image-box.default\">\n\t\t\t\t<div class=\"elementor-widget-container\">\n\t\t\t\t\t<div class=\"elementor-image-box-wrapper\"><figure class=\"elementor-image-box-img\"><a href=\"https:\/\/www.billards-breton.com\/en\/competition-billiard-tables\/billard-2001\/\" tabindex=\"-1\"><img decoding=\"async\" src=\"https:\/\/www.billards-breton.com\/wp-content\/uploads\/elementor\/thumbs\/BILLARD-COMPETITION-2001-rlgrf506vacifmj4rjfj7d6v4fnpdbb78g2u91crr4.png\" title=\"BILLARD COMPETITION 2001\" alt=\"BILLARD COMPETITION 2001\" loading=\"lazy\" \/><\/a><\/figure><div class=\"elementor-image-box-content\"><h2 class=\"elementor-image-box-title\"><a href=\"https:\/\/www.billards-breton.com\/en\/competition-billiard-tables\/billard-2001\/\">2001 competition billiard table<\/a><\/h2><p class=\"elementor-image-box-description\">An avant-garde billiard table with multiple variations<\/p><\/div><\/div>\t\t\t\t<\/div>\n\t\t\t\t<\/div>\n\t\t\t\t<div class=\"elementor-element elementor-element-566f50bf elementor-align-center elementor-widget elementor-widget-button\" data-id=\"566f50bf\" data-element_type=\"widget\" data-e-type=\"widget\" data-widget_type=\"button.default\">\n\t\t\t\t<div class=\"elementor-widget-container\">\n\t\t\t\t\t\t\t\t\t<div class=\"elementor-button-wrapper\">\n\t\t\t\t\t<a class=\"elementor-button elementor-button-link elementor-size-sm\" href=\"https:\/\/www.billards-breton.com\/en\/competition-billiard-tables\/billard-2001\/\">\n\t\t\t\t\t\t<span class=\"elementor-button-content-wrapper\">\n\t\t\t\t\t\t\t\t\t<span class=\"elementor-button-text\">Discover<\/span>\n\t\t\t\t\t<\/span>\n\t\t\t\t\t<\/a>\n\t\t\t\t<\/div>\n\t\t\t\t\t\t\t\t<\/div>\n\t\t\t\t<\/div>\n\t\t\t\t\t<\/div>\n\t\t<\/div>\n\t\t\t\t\t<\/div>\n\t\t<\/section>\n\t\t\t\t<section class=\"elementor-section elementor-top-section elementor-element elementor-element-44f19bd4 elementor-section-boxed elementor-section-height-default elementor-section-height-default\" data-id=\"44f19bd4\" data-element_type=\"section\" data-e-type=\"section\" data-settings=\"{&quot;background_background&quot;:&quot;classic&quot;}\">\n\t\t\t\t\t\t<div class=\"elementor-container elementor-column-gap-default\">\n\t\t\t\t\t<div class=\"elementor-column elementor-col-50 elementor-top-column elementor-element elementor-element-495748a4\" data-id=\"495748a4\" data-element_type=\"column\" data-e-type=\"column\">\n\t\t\t<div class=\"elementor-widget-wrap elementor-element-populated\">\n\t\t\t\t\t\t<div class=\"elementor-element elementor-element-7aa56d0d elementor-widget elementor-widget-image\" data-id=\"7aa56d0d\" data-element_type=\"widget\" data-e-type=\"widget\" data-widget_type=\"image.default\">\n\t\t\t\t<div class=\"elementor-widget-container\">\n\t\t\t\t\t\t\t\t\t\t\t\t\t\t\t<img decoding=\"async\" src=\"https:\/\/www.billards-breton.com\/wp-content\/uploads\/elementor\/thumbs\/ATELIER-BILLARD-rlgnalkdjswul70stiatgrppihwlhsp3rwwshlm5dc.jpg\" title=\"ATELIER-BILLARD\" alt=\"ATELIER-BILLARD\" loading=\"lazy\" \/>\t\t\t\t\t\t\t\t\t\t\t\t\t\t\t<\/div>\n\t\t\t\t<\/div>\n\t\t\t\t\t<\/div>\n\t\t<\/div>\n\t\t\t\t<div class=\"elementor-column elementor-col-50 elementor-top-column elementor-element elementor-element-8cc9298\" data-id=\"8cc9298\" data-element_type=\"column\" data-e-type=\"column\">\n\t\t\t<div class=\"elementor-widget-wrap elementor-element-populated\">\n\t\t\t\t\t\t<div class=\"elementor-element elementor-element-45a0297c elementor-widget elementor-widget-heading\" data-id=\"45a0297c\" data-element_type=\"widget\" data-e-type=\"widget\" data-widget_type=\"heading.default\">\n\t\t\t\t<div class=\"elementor-widget-container\">\n\t\t\t\t\t<h2 class=\"elementor-heading-title elementor-size-default\">Have your pool table personalized by our craftsmen!<\/h2>\t\t\t\t<\/div>\n\t\t\t\t<\/div>\n\t\t\t\t<div class=\"elementor-element elementor-element-38e40b2f elementor-widget elementor-widget-text-editor\" data-id=\"38e40b2f\" data-element_type=\"widget\" data-e-type=\"widget\" data-widget_type=\"text-editor.default\">\n\t\t\t\t<div class=\"elementor-widget-container\">\n\t\t\t\t\t\t\t\t\t<p>By contacting our advisors or visiting our showroom in Orgeval, you can specify each feature of your future billiard table: choice of wood species, color of cloth, table top in wood or glass, return of balls, transformation French, American\u2026. <\/p>\n<p>Because your billiard table must fit perfectly into your room, choosing the right size is crucial in order to allow fluid circulation around this central piece of furniture. Similarly, the choice of finishes will highlight a billiard table that will look like you!<\/p>\n\t\t\t\t\t\t\t\t<\/div>\n\t\t\t\t<\/div>\n\t\t\t\t<div class=\"elementor-element elementor-element-241bdb10 elementor-align-left elementor-widget elementor-widget-button\" data-id=\"241bdb10\" data-element_type=\"widget\" data-e-type=\"widget\" data-widget_type=\"button.default\">\n\t\t\t\t<div class=\"elementor-widget-container\">\n\t\t\t\t\t\t\t\t\t<div class=\"elementor-button-wrapper\">\n\t\t\t\t\t<a class=\"elementor-button elementor-button-link elementor-size-sm\" href=\"https:\/\/www.billards-breton.com\/en\/personnalisation\/\">\n\t\t\t\t\t\t<span class=\"elementor-button-content-wrapper\">\n\t\t\t\t\t\t\t\t\t<span class=\"elementor-button-text\">Customize my billard table<\/span>\n\t\t\t\t\t<\/span>\n\t\t\t\t\t<\/a>\n\t\t\t\t<\/div>\n\t\t\t\t\t\t\t\t<\/div>\n\t\t\t\t<\/div>\n\t\t\t\t\t<\/div>\n\t\t<\/div>\n\t\t\t\t\t<\/div>\n\t\t<\/section>\n\t\t\t\t<section class=\"elementor-section elementor-top-section elementor-element elementor-element-1cb794d0 elementor-section-boxed elementor-section-height-default elementor-section-height-default\" data-id=\"1cb794d0\" data-element_type=\"section\" data-e-type=\"section\">\n\t\t\t\t\t\t<div class=\"elementor-container elementor-column-gap-default\">\n\t\t\t\t\t<div class=\"elementor-column elementor-col-100 elementor-top-column elementor-element elementor-element-edbab5d\" data-id=\"edbab5d\" data-element_type=\"column\" data-e-type=\"column\">\n\t\t\t<div class=\"elementor-widget-wrap elementor-element-populated\">\n\t\t\t\t\t\t<div class=\"elementor-element elementor-element-76cc8fb9 elementor-widget elementor-widget-heading\" data-id=\"76cc8fb9\" data-element_type=\"widget\" data-e-type=\"widget\" data-widget_type=\"heading.default\">\n\t\t\t\t<div class=\"elementor-widget-container\">\n\t\t\t\t\t<h2 class=\"elementor-heading-title elementor-size-default\">The competition billiard table according to Billards Br\u00e9ton<\/h2>\t\t\t\t<\/div>\n\t\t\t\t<\/div>\n\t\t\t\t<section class=\"elementor-section elementor-inner-section elementor-element elementor-element-403b2ecf elementor-section-boxed elementor-section-height-default elementor-section-height-default\" data-id=\"403b2ecf\" data-element_type=\"section\" data-e-type=\"section\">\n\t\t\t\t\t\t<div class=\"elementor-container elementor-column-gap-default\">\n\t\t\t\t\t<div class=\"elementor-column elementor-col-50 elementor-inner-column elementor-element elementor-element-6b7d83c7\" data-id=\"6b7d83c7\" data-element_type=\"column\" data-e-type=\"column\">\n\t\t\t<div class=\"elementor-widget-wrap elementor-element-populated\">\n\t\t\t\t\t\t<div class=\"elementor-element elementor-element-686bc899 elementor-widget elementor-widget-image\" data-id=\"686bc899\" data-element_type=\"widget\" data-e-type=\"widget\" data-widget_type=\"image.default\">\n\t\t\t\t<div class=\"elementor-widget-container\">\n\t\t\t\t\t\t\t\t\t\t\t\t\t\t\t<img decoding=\"async\" src=\"https:\/\/www.billards-breton.com\/wp-content\/uploads\/elementor\/thumbs\/BILLARD-PROFESSIONNEL-rlgrexhhed7obgrek7eyqgn40g217elz6a8rgha7jc.png\" title=\"BILLARD PROFESSIONNEL\" alt=\"table de billard de comp\u00e9tition\" loading=\"lazy\" \/>\t\t\t\t\t\t\t\t\t\t\t\t\t\t\t<\/div>\n\t\t\t\t<\/div>\n\t\t\t\t\t<\/div>\n\t\t<\/div>\n\t\t\t\t<div class=\"elementor-column elementor-col-50 elementor-inner-column elementor-element elementor-element-495b29ac\" data-id=\"495b29ac\" data-element_type=\"column\" data-e-type=\"column\">\n\t\t\t<div class=\"elementor-widget-wrap elementor-element-populated\">\n\t\t\t\t\t\t<div class=\"elementor-element elementor-element-5f06fe60 elementor-widget elementor-widget-heading\" data-id=\"5f06fe60\" data-element_type=\"widget\" data-e-type=\"widget\" data-widget_type=\"heading.default\">\n\t\t\t\t<div class=\"elementor-widget-container\">\n\t\t\t\t\t<h3 class=\"elementor-heading-title elementor-size-default\">The performance requirement<\/h3>\t\t\t\t<\/div>\n\t\t\t\t<\/div>\n\t\t\t\t<div class=\"elementor-element elementor-element-38cc72ed elementor-widget elementor-widget-text-editor\" data-id=\"38cc72ed\" data-element_type=\"widget\" data-e-type=\"widget\" data-widget_type=\"text-editor.default\">\n\t\t\t\t<div class=\"elementor-widget-container\">\n\t\t\t\t\t\t\t\t\t<p>For many years Billards Br\u00e9ton has been the partner of the <strong>French Billiard Federation<\/strong> and has equipped many national and international competitions such as the finals of France FFB, UMB World Championships and the AGIPI Billards Masters.<\/p>\n<p>Today more than 500 AERO billiards equip French billiard clubs (carom billiards) mainly in South Korea. <\/p>\n<p>On the occasion of these competitions, we provide the most efficient billiard tables to meet the requirements of the best players in the world, whatever their favorite mode of play: French billiards, American billiards, snooker, English pool\u2026<\/p>\n\t\t\t\t\t\t\t\t<\/div>\n\t\t\t\t<\/div>\n\t\t\t\t\t<\/div>\n\t\t<\/div>\n\t\t\t\t\t<\/div>\n\t\t<\/section>\n\t\t\t\t<section class=\"elementor-section elementor-inner-section elementor-element elementor-element-32793428 elementor-section-boxed elementor-section-height-default elementor-section-height-default\" data-id=\"32793428\" data-element_type=\"section\" data-e-type=\"section\">\n\t\t\t\t\t\t<div class=\"elementor-container elementor-column-gap-default\">\n\t\t\t\t\t<div class=\"elementor-column elementor-col-50 elementor-inner-column elementor-element elementor-element-1e2d19a3\" data-id=\"1e2d19a3\" data-element_type=\"column\" data-e-type=\"column\">\n\t\t\t<div class=\"elementor-widget-wrap elementor-element-populated\">\n\t\t\t\t\t\t<div class=\"elementor-element elementor-element-3e1b6cae elementor-widget elementor-widget-heading\" data-id=\"3e1b6cae\" data-element_type=\"widget\" data-e-type=\"widget\" data-widget_type=\"heading.default\">\n\t\t\t\t<div class=\"elementor-widget-container\">\n\t\t\t\t\t<h3 class=\"elementor-heading-title elementor-size-default\">EXCEPTIONAL DESIGN<\/h3>\t\t\t\t<\/div>\n\t\t\t\t<\/div>\n\t\t\t\t<div class=\"elementor-element elementor-element-536493d elementor-widget elementor-widget-text-editor\" data-id=\"536493d\" data-element_type=\"widget\" data-e-type=\"widget\" data-widget_type=\"text-editor.default\">\n\t\t\t\t<div class=\"elementor-widget-container\">\n\t\t\t\t\t\t\t\t\t<p>Developed with numerous French or American billiard champions, our competition billiard tables meet the most demanding criteria: whether you are a member of a club, a billiard academy or a passionate player of this sport , train and practice billiards in the same conditions as the pros, on our billiard tables whose sporty lines fit into the most modern interiors.<\/p>\n<p>Our competition billiard tables are well safe to official dimensions, but can be adapted for any particular use, according to your wishes.<\/p>\n\t\t\t\t\t\t\t\t<\/div>\n\t\t\t\t<\/div>\n\t\t\t\t\t<\/div>\n\t\t<\/div>\n\t\t\t\t<div class=\"elementor-column elementor-col-50 elementor-inner-column elementor-element elementor-element-5c07ae9c\" data-id=\"5c07ae9c\" data-element_type=\"column\" data-e-type=\"column\">\n\t\t\t<div class=\"elementor-widget-wrap elementor-element-populated\">\n\t\t\t\t\t\t<div class=\"elementor-element elementor-element-6e3f0370 elementor-widget elementor-widget-image\" data-id=\"6e3f0370\" data-element_type=\"widget\" data-e-type=\"widget\" data-widget_type=\"image.default\">\n\t\t\t\t<div class=\"elementor-widget-container\">\n\t\t\t\t\t\t\t\t\t\t\t\t\t\t\t<img decoding=\"async\" src=\"https:\/\/www.billards-breton.com\/wp-content\/uploads\/elementor\/thumbs\/break-billard-competition-05-1-550x550.jpg-rj4yxa2i9ioxbx3i7i42n6wggic518cfxm9egw66co.png\" title=\"break-billard-competition-05-1-550&#215;550.jpg\" alt=\"break-billard-competition-05-1-550x550.jpg\" loading=\"lazy\" \/>\t\t\t\t\t\t\t\t\t\t\t\t\t\t\t<\/div>\n\t\t\t\t<\/div>\n\t\t\t\t\t<\/div>\n\t\t<\/div>\n\t\t\t\t\t<\/div>\n\t\t<\/section>\n\t\t\t\t<section class=\"elementor-section elementor-inner-section elementor-element elementor-element-52c62eec elementor-section-boxed elementor-section-height-default elementor-section-height-default\" data-id=\"52c62eec\" data-element_type=\"section\" data-e-type=\"section\">\n\t\t\t\t\t\t<div class=\"elementor-container elementor-column-gap-default\">\n\t\t\t\t\t<div class=\"elementor-column elementor-col-50 elementor-inner-column elementor-element elementor-element-b3986f\" data-id=\"b3986f\" data-element_type=\"column\" data-e-type=\"column\">\n\t\t\t<div class=\"elementor-widget-wrap elementor-element-populated\">\n\t\t\t\t\t\t<div class=\"elementor-element elementor-element-3d955919 elementor-widget elementor-widget-image\" data-id=\"3d955919\" data-element_type=\"widget\" data-e-type=\"widget\" data-widget_type=\"image.default\">\n\t\t\t\t<div class=\"elementor-widget-container\">\n\t\t\t\t\t\t\t\t\t\t\t\t\t\t\t<img decoding=\"async\" src=\"https:\/\/www.billards-breton.com\/wp-content\/uploads\/elementor\/thumbs\/BILLARD-CONVERTIBLE-r6yn8ics9hddzuohu5h2ov7q0izwjxpfe9d0azed9k.png\" title=\"BILLARD CONVERTIBLE\" alt=\"BILLARD CONVERTIBLE\" loading=\"lazy\" \/>\t\t\t\t\t\t\t\t\t\t\t\t\t\t\t<\/div>\n\t\t\t\t<\/div>\n\t\t\t\t\t<\/div>\n\t\t<\/div>\n\t\t\t\t<div class=\"elementor-column elementor-col-50 elementor-inner-column elementor-element elementor-element-70a95d0a\" data-id=\"70a95d0a\" data-element_type=\"column\" data-e-type=\"column\">\n\t\t\t<div class=\"elementor-widget-wrap elementor-element-populated\">\n\t\t\t\t\t\t<div class=\"elementor-element elementor-element-9b02cb4 elementor-widget elementor-widget-heading\" data-id=\"9b02cb4\" data-element_type=\"widget\" data-e-type=\"widget\" data-widget_type=\"heading.default\">\n\t\t\t\t<div class=\"elementor-widget-container\">\n\t\t\t\t\t<h3 class=\"elementor-heading-title elementor-size-default\">A design pool table adapted to your space<\/h3>\t\t\t\t<\/div>\n\t\t\t\t<\/div>\n\t\t\t\t<div class=\"elementor-element elementor-element-2b0f0ce1 elementor-widget elementor-widget-text-editor\" data-id=\"2b0f0ce1\" data-element_type=\"widget\" data-e-type=\"widget\" data-widget_type=\"text-editor.default\">\n\t\t\t\t<div class=\"elementor-widget-container\">\n\t\t\t\t\t\t\t\t\t<p>Save space and get even more out of your competitive pool table by transforming it into a beautiful table. The table top option allows you to have your pool table to eat comfortably around a large table. In addition to optimizing space, choosing a convertible billiard table is also a very good idea to make the purchase of a competitive billiard table profitable.<\/p>\n\t\t\t\t\t\t\t\t<\/div>\n\t\t\t\t<\/div>\n\t\t\t\t\t<\/div>\n\t\t<\/div>\n\t\t\t\t\t<\/div>\n\t\t<\/section>\n\t\t\t\t\t<\/div>\n\t\t<\/div>\n\t\t\t\t\t<\/div>\n\t\t<\/section>\n\t\t\t\t<\/div>\n\t\t","protected":false},"excerpt":{"rendered":"<p>Table de billard de comp\u00e9tition Powerful billiard tables for experienced and professional players. Aero competition billiard table Notre toute derni\u00e8re r\u00e9f\u00e9rence destin\u00e9e aux joueurs les plus exigeants Discover Break competition billiard table In competition as at home: exceptional gaming sensations! Discover 2001 competition billiard table An avant-garde billiard table with multiple variations Discover Have your [&hellip;]<\/p>\n","protected":false},"author":1,"featured_media":0,"parent":0,"menu_order":0,"comment_status":"closed","ping_status":"closed","template":"","meta":{"footnotes":""},"class_list":["post-2062","page","type-page","status-publish","hentry"],"_links":{"self":[{"href":"https:\/\/www.billards-breton.com\/en\/wp-json\/wp\/v2\/pages\/2062","targetHints":{"allow":["GET"]}}],"collection":[{"href":"https:\/\/www.billards-breton.com\/en\/wp-json\/wp\/v2\/pages"}],"about":[{"href":"https:\/\/www.billards-breton.com\/en\/wp-json\/wp\/v2\/types\/page"}],"author":[{"embeddable":true,"href":"https:\/\/www.billards-breton.com\/en\/wp-json\/wp\/v2\/users\/1"}],"replies":[{"embeddable":true,"href":"https:\/\/www.billards-breton.com\/en\/wp-json\/wp\/v2\/comments?post=2062"}],"version-history":[{"count":3,"href":"https:\/\/www.billards-breton.com\/en\/wp-json\/wp\/v2\/pages\/2062\/revisions"}],"predecessor-version":[{"id":18497,"href":"https:\/\/www.billards-breton.com\/en\/wp-json\/wp\/v2\/pages\/2062\/revisions\/18497"}],"wp:attachment":[{"href":"https:\/\/www.billards-breton.com\/en\/wp-json\/wp\/v2\/media?parent=2062"}],"curies":[{"name":"wp","href":"https:\/\/api.w.org\/{rel}","templated":true}]}}