{"id":16788,"date":"2023-02-15T15:33:58","date_gmt":"2023-02-15T14:33:58","guid":{"rendered":"https:\/\/www.billards-breton.com\/?post_type=product&#038;p=16788"},"modified":"2024-09-26T11:23:43","modified_gmt":"2024-09-26T09:23:43","slug":"support-plateau-table","status":"publish","type":"product","link":"https:\/\/www.billards-breton.com\/en\/produit\/support-plateau-table\/","title":{"rendered":"Support pour plateau table"},"content":{"rendered":"<p>Pour faciliter la manipulation de votre table de billard convertible et de son plateau dinatoire, optez pour l&#8217;utilisation d\u2019un support pour plateau table \u00e9galement appel\u00e9 \u00e9trier. Ce syst\u00e8me vous permet de ranger facilement votre plateau lorsque que vous \u00eatre en train de jouer au billard. Votre table de billard est transformable en quelques secondes et l&#8217;encombrement est minimal!<\/p>\n","protected":false},"excerpt":{"rendered":"<p>Support pour plateau table. Existe pour plateau bois ou verre en 2 ou 3 parties<\/p>\n","protected":false},"featured_media":16779,"template":"","meta":[],"product_brand":[],"product_cat":[513,528,520],"product_tag":[],"class_list":{"0":"post-16788","1":"product","2":"type-product","3":"status-publish","4":"has-post-thumbnail","6":"product_cat-accessoires","7":"product_cat-accessoires-de-billard","8":"product_cat-accessoires-queues-de-billard","10":"first","11":"instock","12":"taxable","13":"shipping-taxable","14":"purchasable","15":"product-type-variable"},"_links":{"self":[{"href":"https:\/\/www.billards-breton.com\/en\/wp-json\/wp\/v2\/product\/16788","targetHints":{"allow":["GET"]}}],"collection":[{"href":"https:\/\/www.billards-breton.com\/en\/wp-json\/wp\/v2\/product"}],"about":[{"href":"https:\/\/www.billards-breton.com\/en\/wp-json\/wp\/v2\/types\/product"}],"wp:featuredmedia":[{"embeddable":true,"href":"https:\/\/www.billards-breton.com\/en\/wp-json\/wp\/v2\/media\/16779"}],"wp:attachment":[{"href":"https:\/\/www.billards-breton.com\/en\/wp-json\/wp\/v2\/media?parent=16788"}],"wp:term":[{"taxonomy":"product_brand","embeddable":true,"href":"https:\/\/www.billards-breton.com\/en\/wp-json\/wp\/v2\/product_brand?post=16788"},{"taxonomy":"product_cat","embeddable":true,"href":"https:\/\/www.billards-breton.com\/en\/wp-json\/wp\/v2\/product_cat?post=16788"},{"taxonomy":"product_tag","embeddable":true,"href":"https:\/\/www.billards-breton.com\/en\/wp-json\/wp\/v2\/product_tag?post=16788"}],"curies":[{"name":"wp","href":"https:\/\/api.w.org\/{rel}","templated":true}]}}