{"id":14071,"date":"2023-01-03T17:06:56","date_gmt":"2023-01-03T16:06:56","guid":{"rendered":"http:\/\/www.billards-breton.com\/label-epv-entreprise-du-patrimoine-vivant\/"},"modified":"2024-04-16T10:02:30","modified_gmt":"2024-04-16T08:02:30","slug":"label-epv-entreprise-du-patrimoine-vivant","status":"publish","type":"page","link":"https:\/\/www.billards-breton.com\/es\/label-epv-entreprise-du-patrimoine-vivant\/","title":{"rendered":"Etiqueta EPV &#8211; Empresa Patrimonio Vivo"},"content":{"rendered":"\t\t<div data-elementor-type=\"wp-page\" data-elementor-id=\"14071\" class=\"elementor elementor-14071 elementor-13095\" data-elementor-post-type=\"page\">\n\t\t\t\t\t\t<section class=\"elementor-section elementor-top-section elementor-element elementor-element-1c2bba4 elementor-section-boxed elementor-section-height-default elementor-section-height-default\" data-id=\"1c2bba4\" data-element_type=\"section\" data-e-type=\"section\">\n\t\t\t\t\t\t<div class=\"elementor-container elementor-column-gap-default\">\n\t\t\t\t\t<div class=\"elementor-column elementor-col-100 elementor-top-column elementor-element elementor-element-3ac6893\" data-id=\"3ac6893\" data-element_type=\"column\" data-e-type=\"column\">\n\t\t\t<div class=\"elementor-widget-wrap elementor-element-populated\">\n\t\t\t\t\t\t<div class=\"elementor-element elementor-element-5cd5fb3 elementor-widget elementor-widget-woocommerce-breadcrumb\" data-id=\"5cd5fb3\" data-element_type=\"widget\" data-e-type=\"widget\" data-widget_type=\"woocommerce-breadcrumb.default\">\n\t\t\t\t<div class=\"elementor-widget-container\">\n\t\t\t\t\t<nav class=\"woocommerce-breadcrumb\" aria-label=\"Breadcrumb\">Billards Breton<\/nav>\t\t\t\t<\/div>\n\t\t\t\t<\/div>\n\t\t\t\t\t<\/div>\n\t\t<\/div>\n\t\t\t\t\t<\/div>\n\t\t<\/section>\n\t\t\t\t<section class=\"elementor-section elementor-top-section elementor-element elementor-element-5942cb56 elementor-section-boxed elementor-section-height-default elementor-section-height-default\" data-id=\"5942cb56\" data-element_type=\"section\" data-e-type=\"section\">\n\t\t\t\t\t\t<div class=\"elementor-container elementor-column-gap-default\">\n\t\t\t\t\t<div class=\"elementor-column elementor-col-100 elementor-top-column elementor-element elementor-element-7f787661\" data-id=\"7f787661\" data-element_type=\"column\" data-e-type=\"column\">\n\t\t\t<div class=\"elementor-widget-wrap elementor-element-populated\">\n\t\t\t\t\t\t<div class=\"elementor-element elementor-element-378fb1c1 elementor-widget elementor-widget-heading\" data-id=\"378fb1c1\" data-element_type=\"widget\" data-e-type=\"widget\" data-widget_type=\"heading.default\">\n\t\t\t\t<div class=\"elementor-widget-container\">\n\t\t\t\t\t<h1 class=\"elementor-heading-title elementor-size-default\">La etiqueta EPV - Empresa Patrimonio Vivo<\/h1>\t\t\t\t<\/div>\n\t\t\t\t<\/div>\n\t\t\t\t<div class=\"elementor-element elementor-element-4baa149 elementor-widget elementor-widget-image\" data-id=\"4baa149\" data-element_type=\"widget\" data-e-type=\"widget\" data-widget_type=\"image.default\">\n\t\t\t\t<div class=\"elementor-widget-container\">\n\t\t\t\t\t\t\t\t\t\t\t\t\t\t\t<img fetchpriority=\"high\" decoding=\"async\" width=\"834\" height=\"324\" src=\"https:\/\/www.billards-breton.com\/wp-content\/uploads\/2023\/01\/billards-breton-label-epv-940px-550x514.jpg-2.jpg\" class=\"attachment-full size-full wp-image-13106\" alt=\"\" \/>\t\t\t\t\t\t\t\t\t\t\t\t\t\t\t<\/div>\n\t\t\t\t<\/div>\n\t\t\t\t<div class=\"elementor-element elementor-element-088d166 elementor-widget elementor-widget-heading\" data-id=\"088d166\" data-element_type=\"widget\" data-e-type=\"widget\" data-widget_type=\"heading.default\">\n\t\t\t\t<div class=\"elementor-widget-container\">\n\t\t\t\t\t<h2 class=\"elementor-heading-title elementor-size-default\">Una etiqueta renovada por el Ministerio de Artesan\u00eda, Comercio y Turismo<\/h2>\t\t\t\t<\/div>\n\t\t\t\t<\/div>\n\t\t\t\t<div class=\"elementor-element elementor-element-a7afcc4 elementor-widget elementor-widget-text-editor\" data-id=\"a7afcc4\" data-element_type=\"widget\" data-e-type=\"widget\" data-widget_type=\"text-editor.default\">\n\t\t\t\t<div class=\"elementor-widget-container\">\n\t\t\t\t\t\t\t\t\t<p>La etiqueta \u201cEntreprise du Patrimoine Vivant\u201d (EPV) fue otorgada inicialmente en 2012 y luego renovada en 2017 en Billards Br\u00e9ton por el Ministerio de Artesan\u00eda, Comercio y Turismo.<\/p>\n<p>Esta etiqueta da fe de la excelencia de nuestra fabricaci\u00f3n en Francia y refuerza nuestra implicaci\u00f3n hist\u00f3rica y nuestro saber hacer, sirviendo a una clientela exigente en el campo del ocio y el billar competitivo.<\/p>\n\t\t\t\t\t\t\t\t<\/div>\n\t\t\t\t<\/div>\n\t\t\t\t<div class=\"elementor-element elementor-element-7f575cd elementor-widget elementor-widget-image\" data-id=\"7f575cd\" data-element_type=\"widget\" data-e-type=\"widget\" data-widget_type=\"image.default\">\n\t\t\t\t<div class=\"elementor-widget-container\">\n\t\t\t\t\t\t\t\t\t\t\t\t\t\t\t<img decoding=\"async\" width=\"834\" height=\"324\" src=\"https:\/\/www.billards-breton.com\/wp-content\/uploads\/2023\/01\/billards-breton-label-epv-940px-550x514.jpg-1-1.jpg\" class=\"attachment-full size-full wp-image-13109\" alt=\"\" \/>\t\t\t\t\t\t\t\t\t\t\t\t\t\t\t<\/div>\n\t\t\t\t<\/div>\n\t\t\t\t<div class=\"elementor-element elementor-element-cded1f8 elementor-widget elementor-widget-heading\" data-id=\"cded1f8\" data-element_type=\"widget\" data-e-type=\"widget\" data-widget_type=\"heading.default\">\n\t\t\t\t<div class=\"elementor-widget-container\">\n\t\t\t\t\t<h2 class=\"elementor-heading-title elementor-size-default\">Los retos de la etiqueta EPV<\/h2>\t\t\t\t<\/div>\n\t\t\t\t<\/div>\n\t\t\t\t<div class=\"elementor-element elementor-element-7dd7497 red_link elementor-widget elementor-widget-text-editor\" data-id=\"7dd7497\" data-element_type=\"widget\" data-e-type=\"widget\" data-widget_type=\"text-editor.default\">\n\t\t\t\t<div class=\"elementor-widget-container\">\n\t\t\t\t\t\t\t\t\t<p>La etiqueta EPV es una marca de reconocimiento del Estado, que distingue el raro saber hacer artesanal e industrial de las empresas francesas capaces de realizar proyectos a medida.<\/p><p>Refleja la voluntad de las autoridades p\u00fablicas de promover actividades manufactureras y servicios de alta calidad en Francia.<\/p><p>El procedimiento para la concesi\u00f3n de la etiqueta EPV es realizado por expertos. La valoraci\u00f3n e interpretaci\u00f3n de los criterios de adjudicaci\u00f3n se encomiendan a una Comisi\u00f3n Nacional independiente, integrada por profesionales que trabajan a favor de pr\u00e1cticas que garanticen la excelencia dentro de su propia actividad.<\/p><p>El Institut Sup\u00e9rieur des M\u00e9tiers (ISM) proporciona la secretar\u00eda de esta Comisi\u00f3n y examina las solicitudes para la concesi\u00f3n de la etiqueta.<\/p><p>El proceso de selecci\u00f3n de Empresas de Patrimonio Vivo garantiza su excelencia y comprende m\u00faltiples etapas: examen del expediente de solicitud, solicitud de asesoramiento a los servicios regionales del Estado y establecimientos consulares, redacci\u00f3n de un informe de investigaci\u00f3n, visitas a empresas de expertos del sector, examen por la Comisi\u00f3n Nacional y decisi\u00f3n final de los ministros.<\/p><p>Para beneficiarse de la etiqueta EPV, nuestra empresa ha demostrado a expertos independientes que se caracteriza por:<\/p><p>un patrimonio econ\u00f3mico espec\u00edfico resultante de la experiencia de fabricaci\u00f3n,<\/p><p>la implementaci\u00f3n de un saber hacer raro, basado en el dominio de t\u00e9cnicas tradicionales o de alta tecnolog\u00eda,<\/p><p>apego a su territorio: presencia francesa y notoriedad local.<\/p><p>Billards Br\u00e9ton ahora figura en la <a href=\"https:\/\/annuaire.institut-savoirfaire.fr\/acteur\/billards-breton\">Gu\u00eda del centenario de las empresas francesas del patrimonio vivo<\/a>.<\/p><p>La consistencia de nuestra oferta de productos y servicios, as\u00ed como nuestro enfoque comercial local hacia nuestros clientes y prospectos se refuerzan con la obtenci\u00f3n de esta etiqueta.<\/p><p>Estamos a su disposici\u00f3n para presentarles nuestro sitio de producci\u00f3n en Orgeval, para hacerles descubrir este patrimonio artesanal.<\/p>\t\t\t\t\t\t\t\t<\/div>\n\t\t\t\t<\/div>\n\t\t\t\t\t<\/div>\n\t\t<\/div>\n\t\t\t\t\t<\/div>\n\t\t<\/section>\n\t\t\t\t<section class=\"elementor-section elementor-top-section elementor-element elementor-element-ebacec1 elementor-section-height-min-height elementor-section-boxed elementor-section-height-default elementor-section-items-middle\" data-id=\"ebacec1\" data-element_type=\"section\" data-e-type=\"section\">\n\t\t\t\t\t\t<div class=\"elementor-container elementor-column-gap-default\">\n\t\t\t\t\t<div class=\"elementor-column elementor-col-100 elementor-top-column elementor-element elementor-element-5801d86b\" data-id=\"5801d86b\" data-element_type=\"column\" data-e-type=\"column\">\n\t\t\t<div class=\"elementor-widget-wrap elementor-element-populated\">\n\t\t\t\t\t\t<section class=\"elementor-section elementor-inner-section elementor-element elementor-element-45598a3a elementor-section-height-min-height elementor-section-boxed elementor-section-height-default\" data-id=\"45598a3a\" data-element_type=\"section\" data-e-type=\"section\" data-settings=\"{&quot;background_background&quot;:&quot;classic&quot;}\">\n\t\t\t\t\t\t<div class=\"elementor-container elementor-column-gap-default\">\n\t\t\t\t\t<div class=\"elementor-column elementor-col-50 elementor-inner-column elementor-element elementor-element-6197cf4c white_block\" data-id=\"6197cf4c\" data-element_type=\"column\" data-e-type=\"column\">\n\t\t\t<div class=\"elementor-widget-wrap elementor-element-populated\">\n\t\t\t\t\t\t<div class=\"elementor-element elementor-element-44fcba0c elementor-widget elementor-widget-heading\" data-id=\"44fcba0c\" data-element_type=\"widget\" data-e-type=\"widget\" data-widget_type=\"heading.default\">\n\t\t\t\t<div class=\"elementor-widget-container\">\n\t\t\t\t\t<h2 class=\"elementor-heading-title elementor-size-default\">Encuentra la mesa de billar ideal visitando nuestro showroom<\/h2>\t\t\t\t<\/div>\n\t\t\t\t<\/div>\n\t\t\t\t<div class=\"elementor-element elementor-element-5b155105 elementor-widget elementor-widget-text-editor\" data-id=\"5b155105\" data-element_type=\"widget\" data-e-type=\"widget\" data-widget_type=\"text-editor.default\">\n\t\t\t\t<div class=\"elementor-widget-container\">\n\t\t\t\t\t\t\t\t\t<p>\u00bfEst\u00e1s pensando en comprar un Billiard Breton? Ven a visitar nuestro showroom de m\u00e1s de 300m2 en Orgeval, en la regi\u00f3n de \u00cele-de-France.<\/p>\n<p>All\u00ed encontrar\u00e1 nuestras mesas de billar y nuestro taller de fabricaci\u00f3n.<\/p>\n\t\t\t\t\t\t\t\t<\/div>\n\t\t\t\t<\/div>\n\t\t\t\t<div class=\"elementor-element elementor-element-58821ff8 elementor-align-left elementor-widget elementor-widget-button\" data-id=\"58821ff8\" data-element_type=\"widget\" data-e-type=\"widget\" data-widget_type=\"button.default\">\n\t\t\t\t<div class=\"elementor-widget-container\">\n\t\t\t\t\t\t\t\t\t<div class=\"elementor-button-wrapper\">\n\t\t\t\t\t<a class=\"elementor-button elementor-button-link elementor-size-sm\" href=\"https:\/\/www.billards-breton.com\/es\/acerca-de-billards-breton\/showroom-de-billares\/\">\n\t\t\t\t\t\t<span class=\"elementor-button-content-wrapper\">\n\t\t\t\t\t\t\t\t\t<span class=\"elementor-button-text\">M\u00e1s informaci\u00f3n<\/span>\n\t\t\t\t\t<\/span>\n\t\t\t\t\t<\/a>\n\t\t\t\t<\/div>\n\t\t\t\t\t\t\t\t<\/div>\n\t\t\t\t<\/div>\n\t\t\t\t\t<\/div>\n\t\t<\/div>\n\t\t\t\t<div class=\"elementor-column elementor-col-50 elementor-inner-column elementor-element elementor-element-e729cb2\" data-id=\"e729cb2\" data-element_type=\"column\" data-e-type=\"column\">\n\t\t\t<div class=\"elementor-widget-wrap\">\n\t\t\t\t\t\t\t<\/div>\n\t\t<\/div>\n\t\t\t\t\t<\/div>\n\t\t<\/section>\n\t\t\t\t\t<\/div>\n\t\t<\/div>\n\t\t\t\t\t<\/div>\n\t\t<\/section>\n\t\t\t\t<\/div>\n\t\t","protected":false},"excerpt":{"rendered":"<p>La etiqueta EPV &#8211; Empresa Patrimonio Vivo Una etiqueta renovada por el Ministerio de Artesan\u00eda, Comercio y Turismo La etiqueta \u201cEntreprise du Patrimoine Vivant\u201d (EPV) fue otorgada inicialmente en 2012 y luego renovada en 2017 en Billards Br\u00e9ton por el Ministerio de Artesan\u00eda, Comercio y Turismo. Esta etiqueta da fe de la excelencia de nuestra [&hellip;]<\/p>\n","protected":false},"author":9,"featured_media":0,"parent":0,"menu_order":0,"comment_status":"closed","ping_status":"closed","template":"","meta":{"footnotes":""},"class_list":["post-14071","page","type-page","status-publish","hentry"],"_links":{"self":[{"href":"https:\/\/www.billards-breton.com\/es\/wp-json\/wp\/v2\/pages\/14071","targetHints":{"allow":["GET"]}}],"collection":[{"href":"https:\/\/www.billards-breton.com\/es\/wp-json\/wp\/v2\/pages"}],"about":[{"href":"https:\/\/www.billards-breton.com\/es\/wp-json\/wp\/v2\/types\/page"}],"author":[{"embeddable":true,"href":"https:\/\/www.billards-breton.com\/es\/wp-json\/wp\/v2\/users\/9"}],"replies":[{"embeddable":true,"href":"https:\/\/www.billards-breton.com\/es\/wp-json\/wp\/v2\/comments?post=14071"}],"version-history":[{"count":5,"href":"https:\/\/www.billards-breton.com\/es\/wp-json\/wp\/v2\/pages\/14071\/revisions"}],"predecessor-version":[{"id":20385,"href":"https:\/\/www.billards-breton.com\/es\/wp-json\/wp\/v2\/pages\/14071\/revisions\/20385"}],"wp:attachment":[{"href":"https:\/\/www.billards-breton.com\/es\/wp-json\/wp\/v2\/media?parent=14071"}],"curies":[{"name":"wp","href":"https:\/\/api.w.org\/{rel}","templated":true}]}}