{"id":2063,"date":"2019-09-17T10:19:58","date_gmt":"2019-09-17T08:19:58","guid":{"rendered":"http:\/\/www.billards-breton.com\/table-billard-competition\/"},"modified":"2023-07-06T17:31:48","modified_gmt":"2023-07-06T15:31:48","slug":"mesa-billard-competicion","status":"publish","type":"page","link":"https:\/\/www.billards-breton.com\/es\/mesa-billard-competicion\/","title":{"rendered":"Mesa de billar de competici\u00f3n"},"content":{"rendered":"\t\t<div data-elementor-type=\"wp-page\" data-elementor-id=\"2063\" class=\"elementor elementor-2063 elementor-469\" data-elementor-post-type=\"page\">\n\t\t\t\t\t\t<section class=\"elementor-section elementor-top-section elementor-element elementor-element-6fce2056 elementor-section-boxed elementor-section-height-default elementor-section-height-default\" data-id=\"6fce2056\" data-element_type=\"section\" data-e-type=\"section\">\n\t\t\t\t\t\t<div class=\"elementor-container elementor-column-gap-default\">\n\t\t\t\t\t<div class=\"elementor-column elementor-col-100 elementor-top-column elementor-element elementor-element-6a6f2db8\" data-id=\"6a6f2db8\" data-element_type=\"column\" data-e-type=\"column\">\n\t\t\t<div class=\"elementor-widget-wrap elementor-element-populated\">\n\t\t\t\t\t\t<div class=\"elementor-element elementor-element-201a5581 elementor-widget elementor-widget-woocommerce-breadcrumb\" data-id=\"201a5581\" data-element_type=\"widget\" data-e-type=\"widget\" data-widget_type=\"woocommerce-breadcrumb.default\">\n\t\t\t\t<div class=\"elementor-widget-container\">\n\t\t\t\t\t<nav class=\"woocommerce-breadcrumb\" aria-label=\"Breadcrumb\">Billards Breton<\/nav>\t\t\t\t<\/div>\n\t\t\t\t<\/div>\n\t\t\t\t\t<\/div>\n\t\t<\/div>\n\t\t\t\t\t<\/div>\n\t\t<\/section>\n\t\t\t\t<section class=\"elementor-section elementor-top-section elementor-element elementor-element-683f79e8 elementor-section-boxed elementor-section-height-default elementor-section-height-default\" data-id=\"683f79e8\" data-element_type=\"section\" data-e-type=\"section\">\n\t\t\t\t\t\t<div class=\"elementor-container elementor-column-gap-default\">\n\t\t\t\t\t<div class=\"elementor-column elementor-col-100 elementor-top-column elementor-element elementor-element-fb0f077\" data-id=\"fb0f077\" data-element_type=\"column\" data-e-type=\"column\">\n\t\t\t<div class=\"elementor-widget-wrap elementor-element-populated\">\n\t\t\t\t\t\t<div class=\"elementor-element elementor-element-6095b83b elementor-widget elementor-widget-heading\" data-id=\"6095b83b\" data-element_type=\"widget\" data-e-type=\"widget\" data-widget_type=\"heading.default\">\n\t\t\t\t<div class=\"elementor-widget-container\">\n\t\t\t\t\t<h1 class=\"elementor-heading-title elementor-size-default\">Mesa de billar de competici\u00f3n<\/h1>\t\t\t\t<\/div>\n\t\t\t\t<\/div>\n\t\t\t\t<div class=\"elementor-element elementor-element-15d11be2 elementor-widget elementor-widget-text-editor\" data-id=\"15d11be2\" data-element_type=\"widget\" data-e-type=\"widget\" data-widget_type=\"text-editor.default\">\n\t\t\t\t<div class=\"elementor-widget-container\">\n\t\t\t\t\t\t\t\t\t<div class=\"col-12 hero_catchphrase\">\n<p class=\"shady\">Mesas de billar de alto rendimiento para jugadores experimentados y profesionales.<\/p>\n<\/div>\n\t\t\t\t\t\t\t\t<\/div>\n\t\t\t\t<\/div>\n\t\t\t\t\t<\/div>\n\t\t<\/div>\n\t\t\t\t\t<\/div>\n\t\t<\/section>\n\t\t\t\t<section class=\"elementor-section elementor-top-section elementor-element elementor-element-7d9c14d9 elementor-section-boxed elementor-section-height-default elementor-section-height-default\" data-id=\"7d9c14d9\" data-element_type=\"section\" data-e-type=\"section\">\n\t\t\t\t\t\t<div class=\"elementor-container elementor-column-gap-narrow\">\n\t\t\t\t\t<div class=\"elementor-column elementor-col-33 elementor-top-column elementor-element elementor-element-635c2e4d\" data-id=\"635c2e4d\" data-element_type=\"column\" data-e-type=\"column\">\n\t\t\t<div class=\"elementor-widget-wrap elementor-element-populated\">\n\t\t\t\t\t\t<div class=\"elementor-element elementor-element-4ccb77e4 elementor-position-top elementor-widget elementor-widget-image-box\" data-id=\"4ccb77e4\" data-element_type=\"widget\" data-e-type=\"widget\" data-widget_type=\"image-box.default\">\n\t\t\t\t<div class=\"elementor-widget-container\">\n\t\t\t\t\t<div class=\"elementor-image-box-wrapper\"><figure class=\"elementor-image-box-img\"><a href=\"https:\/\/www.billards-breton.com\/es\/mesa-billard-competicion\/aero-competicion\/\" tabindex=\"-1\"><img decoding=\"async\" src=\"https:\/\/www.billards-breton.com\/wp-content\/uploads\/elementor\/thumbs\/Aero-competition-coree-rmdg4orvq444rq0n2jvylkru78z383q3enbp5ngosg.jpg\" title=\"Aero competition cor\u00e9e\" alt=\"Aero competition cor\u00e9e\" loading=\"lazy\" \/><\/a><\/figure><div class=\"elementor-image-box-content\"><h2 class=\"elementor-image-box-title\"><a href=\"https:\/\/www.billards-breton.com\/es\/mesa-billard-competicion\/aero-competicion\/\">Mesa de billar aero competici\u00f3n<\/a><\/h2><p class=\"elementor-image-box-description\">Nuestra \u00faltima referencia para los jugadores m\u00e1s exigentes<\/p><\/div><\/div>\t\t\t\t<\/div>\n\t\t\t\t<\/div>\n\t\t\t\t<div class=\"elementor-element elementor-element-6b645f17 elementor-align-center elementor-widget elementor-widget-button\" data-id=\"6b645f17\" data-element_type=\"widget\" data-e-type=\"widget\" data-widget_type=\"button.default\">\n\t\t\t\t<div class=\"elementor-widget-container\">\n\t\t\t\t\t\t\t\t\t<div class=\"elementor-button-wrapper\">\n\t\t\t\t\t<a class=\"elementor-button elementor-button-link elementor-size-sm\" href=\"https:\/\/www.billards-breton.com\/es\/mesa-billard-competicion\/aero-competicion\/\">\n\t\t\t\t\t\t<span class=\"elementor-button-content-wrapper\">\n\t\t\t\t\t\t\t\t\t<span class=\"elementor-button-text\">Para descubrir<\/span>\n\t\t\t\t\t<\/span>\n\t\t\t\t\t<\/a>\n\t\t\t\t<\/div>\n\t\t\t\t\t\t\t\t<\/div>\n\t\t\t\t<\/div>\n\t\t\t\t\t<\/div>\n\t\t<\/div>\n\t\t\t\t<div class=\"elementor-column elementor-col-33 elementor-top-column elementor-element elementor-element-1d072b59\" data-id=\"1d072b59\" data-element_type=\"column\" data-e-type=\"column\">\n\t\t\t<div class=\"elementor-widget-wrap elementor-element-populated\">\n\t\t\t\t\t\t<div class=\"elementor-element elementor-element-536c0a86 elementor-position-top elementor-widget elementor-widget-image-box\" data-id=\"536c0a86\" data-element_type=\"widget\" data-e-type=\"widget\" data-widget_type=\"image-box.default\">\n\t\t\t\t<div class=\"elementor-widget-container\">\n\t\t\t\t\t<div class=\"elementor-image-box-wrapper\"><figure class=\"elementor-image-box-img\"><a href=\"https:\/\/www.billards-breton.com\/es\/mesa-billard-competicion\/break-competicion\/\" tabindex=\"-1\"><img decoding=\"async\" src=\"https:\/\/www.billards-breton.com\/wp-content\/uploads\/elementor\/thumbs\/billards-americain-design-break-as-de-pique-billards-breton-1-rmdg4sj8hg9a25v6gligvjtoksgk2w50r5xn2rb43k.jpg\" title=\"billards-americain-design-break-as-de-pique-billards-breton\" alt=\"billards-americain-design-break-as-de-pique-billards-breton\" loading=\"lazy\" \/><\/a><\/figure><div class=\"elementor-image-box-content\"><h2 class=\"elementor-image-box-title\"><a href=\"https:\/\/www.billards-breton.com\/es\/mesa-billard-competicion\/break-competicion\/\">Billar Break<\/a><\/h2><p class=\"elementor-image-box-description\">En competici\u00f3n como en casa: \u00a1sensaciones de juego excepcionales!<\/p><\/div><\/div>\t\t\t\t<\/div>\n\t\t\t\t<\/div>\n\t\t\t\t<div class=\"elementor-element elementor-element-5ff584cc elementor-align-center elementor-widget elementor-widget-button\" data-id=\"5ff584cc\" data-element_type=\"widget\" data-e-type=\"widget\" data-widget_type=\"button.default\">\n\t\t\t\t<div class=\"elementor-widget-container\">\n\t\t\t\t\t\t\t\t\t<div class=\"elementor-button-wrapper\">\n\t\t\t\t\t<a class=\"elementor-button elementor-button-link elementor-size-sm\" href=\"https:\/\/www.billards-breton.com\/es\/mesa-billard-competicion\/break-competicion\/\">\n\t\t\t\t\t\t<span class=\"elementor-button-content-wrapper\">\n\t\t\t\t\t\t\t\t\t<span class=\"elementor-button-text\">Para descubrir<\/span>\n\t\t\t\t\t<\/span>\n\t\t\t\t\t<\/a>\n\t\t\t\t<\/div>\n\t\t\t\t\t\t\t\t<\/div>\n\t\t\t\t<\/div>\n\t\t\t\t\t<\/div>\n\t\t<\/div>\n\t\t\t\t<div class=\"elementor-column elementor-col-33 elementor-top-column elementor-element elementor-element-1231f160\" data-id=\"1231f160\" data-element_type=\"column\" data-e-type=\"column\">\n\t\t\t<div class=\"elementor-widget-wrap elementor-element-populated\">\n\t\t\t\t\t\t<div class=\"elementor-element elementor-element-316b551d elementor-position-top elementor-widget elementor-widget-image-box\" data-id=\"316b551d\" data-element_type=\"widget\" data-e-type=\"widget\" data-widget_type=\"image-box.default\">\n\t\t\t\t<div class=\"elementor-widget-container\">\n\t\t\t\t\t<div class=\"elementor-image-box-wrapper\"><figure class=\"elementor-image-box-img\"><a href=\"https:\/\/www.billards-breton.com\/es\/mesa-billard-competicion\/billar-2001\/\" tabindex=\"-1\"><img decoding=\"async\" src=\"https:\/\/www.billards-breton.com\/wp-content\/uploads\/elementor\/thumbs\/BILLARD-COMPETITION-2001-rmdg4th2oaakdrttb3x3g1l566bxal8r3al4k19pxc.png\" title=\"BILLARD COMPETITION 2001\" alt=\"BILLARD COMPETITION 2001\" loading=\"lazy\" \/><\/a><\/figure><div class=\"elementor-image-box-content\"><h2 class=\"elementor-image-box-title\"><a href=\"https:\/\/www.billards-breton.com\/es\/mesa-billard-competicion\/billar-2001\/\">Billar de competici\u00f3n 2001<\/a><\/h2><p class=\"elementor-image-box-description\">Una mesa de billar vanguardista con m\u00faltiples variantes<\/p><\/div><\/div>\t\t\t\t<\/div>\n\t\t\t\t<\/div>\n\t\t\t\t<div class=\"elementor-element elementor-element-566f50bf elementor-align-center elementor-widget elementor-widget-button\" data-id=\"566f50bf\" data-element_type=\"widget\" data-e-type=\"widget\" data-widget_type=\"button.default\">\n\t\t\t\t<div class=\"elementor-widget-container\">\n\t\t\t\t\t\t\t\t\t<div class=\"elementor-button-wrapper\">\n\t\t\t\t\t<a class=\"elementor-button elementor-button-link elementor-size-sm\" href=\"https:\/\/www.billards-breton.com\/es\/mesa-billard-competicion\/billar-2001\/\">\n\t\t\t\t\t\t<span class=\"elementor-button-content-wrapper\">\n\t\t\t\t\t\t\t\t\t<span class=\"elementor-button-text\">Para descubrir<\/span>\n\t\t\t\t\t<\/span>\n\t\t\t\t\t<\/a>\n\t\t\t\t<\/div>\n\t\t\t\t\t\t\t\t<\/div>\n\t\t\t\t<\/div>\n\t\t\t\t\t<\/div>\n\t\t<\/div>\n\t\t\t\t\t<\/div>\n\t\t<\/section>\n\t\t\t\t<section class=\"elementor-section elementor-top-section elementor-element elementor-element-44f19bd4 elementor-section-boxed elementor-section-height-default elementor-section-height-default\" data-id=\"44f19bd4\" data-element_type=\"section\" data-e-type=\"section\" data-settings=\"{&quot;background_background&quot;:&quot;classic&quot;}\">\n\t\t\t\t\t\t<div class=\"elementor-container elementor-column-gap-default\">\n\t\t\t\t\t<div class=\"elementor-column elementor-col-50 elementor-top-column elementor-element elementor-element-495748a4\" data-id=\"495748a4\" data-element_type=\"column\" data-e-type=\"column\">\n\t\t\t<div class=\"elementor-widget-wrap elementor-element-populated\">\n\t\t\t\t\t\t<div class=\"elementor-element elementor-element-7aa56d0d elementor-widget elementor-widget-image\" data-id=\"7aa56d0d\" data-element_type=\"widget\" data-e-type=\"widget\" data-widget_type=\"image.default\">\n\t\t\t\t<div class=\"elementor-widget-container\">\n\t\t\t\t\t\t\t\t\t\t\t\t\t\t\t<img decoding=\"async\" src=\"https:\/\/www.billards-breton.com\/wp-content\/uploads\/elementor\/thumbs\/ATELIER-BILLARD-rmq5548xpw5m0so94dqhts7hr35kclt6dac4ztato0.jpg\" title=\"ATELIER-BILLARD\" alt=\"ATELIER-BILLARD\" loading=\"lazy\" \/>\t\t\t\t\t\t\t\t\t\t\t\t\t\t\t<\/div>\n\t\t\t\t<\/div>\n\t\t\t\t\t<\/div>\n\t\t<\/div>\n\t\t\t\t<div class=\"elementor-column elementor-col-50 elementor-top-column elementor-element elementor-element-8cc9298\" data-id=\"8cc9298\" data-element_type=\"column\" data-e-type=\"column\">\n\t\t\t<div class=\"elementor-widget-wrap elementor-element-populated\">\n\t\t\t\t\t\t<div class=\"elementor-element elementor-element-45a0297c elementor-widget elementor-widget-heading\" data-id=\"45a0297c\" data-element_type=\"widget\" data-e-type=\"widget\" data-widget_type=\"heading.default\">\n\t\t\t\t<div class=\"elementor-widget-container\">\n\t\t\t\t\t<h2 class=\"elementor-heading-title elementor-size-default\">\u00a1Haz que nuestros artesanos personalicen tu mesa de billar!<\/h2>\t\t\t\t<\/div>\n\t\t\t\t<\/div>\n\t\t\t\t<div class=\"elementor-element elementor-element-38e40b2f elementor-widget elementor-widget-text-editor\" data-id=\"38e40b2f\" data-element_type=\"widget\" data-e-type=\"widget\" data-widget_type=\"text-editor.default\">\n\t\t\t\t<div class=\"elementor-widget-container\">\n\t\t\t\t\t\t\t\t\t<p>Poni\u00e9ndose en contacto con nuestros asesores o visitando nuestro showroom en Orgeval, podr\u00e1 especificar cada caracter\u00edstica de su futura mesa de billar: elecci\u00f3n de especies de madera, color de la tela, tablero de madera o de cristal, retorno de bolas, transformaci\u00f3n francesa, americana\u2026 . <\/p>\n<p>Debido a que su mesa de billar debe encajar perfectamente en su habitaci\u00f3n, elegir el tama\u00f1o adecuado es crucial para permitir una circulaci\u00f3n fluida alrededor de este mueble central. Del mismo modo, la elecci\u00f3n de los acabados resaltar\u00e1 una mesa de billar que se parecer\u00e1 a ti.<\/p>\n\t\t\t\t\t\t\t\t<\/div>\n\t\t\t\t<\/div>\n\t\t\t\t<div class=\"elementor-element elementor-element-241bdb10 elementor-align-left elementor-widget elementor-widget-button\" data-id=\"241bdb10\" data-element_type=\"widget\" data-e-type=\"widget\" data-widget_type=\"button.default\">\n\t\t\t\t<div class=\"elementor-widget-container\">\n\t\t\t\t\t\t\t\t\t<div class=\"elementor-button-wrapper\">\n\t\t\t\t\t<a class=\"elementor-button elementor-button-link elementor-size-sm\" href=\"https:\/\/www.billards-breton.com\/es\/personnalisation\/\">\n\t\t\t\t\t\t<span class=\"elementor-button-content-wrapper\">\n\t\t\t\t\t\t\t\t\t<span class=\"elementor-button-text\">Personalizar mi mesa de billar<\/span>\n\t\t\t\t\t<\/span>\n\t\t\t\t\t<\/a>\n\t\t\t\t<\/div>\n\t\t\t\t\t\t\t\t<\/div>\n\t\t\t\t<\/div>\n\t\t\t\t\t<\/div>\n\t\t<\/div>\n\t\t\t\t\t<\/div>\n\t\t<\/section>\n\t\t\t\t<section class=\"elementor-section elementor-top-section elementor-element elementor-element-1cb794d0 elementor-section-boxed elementor-section-height-default elementor-section-height-default\" data-id=\"1cb794d0\" data-element_type=\"section\" data-e-type=\"section\">\n\t\t\t\t\t\t<div class=\"elementor-container elementor-column-gap-default\">\n\t\t\t\t\t<div class=\"elementor-column elementor-col-100 elementor-top-column elementor-element elementor-element-edbab5d\" data-id=\"edbab5d\" data-element_type=\"column\" data-e-type=\"column\">\n\t\t\t<div class=\"elementor-widget-wrap elementor-element-populated\">\n\t\t\t\t\t\t<div class=\"elementor-element elementor-element-76cc8fb9 elementor-widget elementor-widget-heading\" data-id=\"76cc8fb9\" data-element_type=\"widget\" data-e-type=\"widget\" data-widget_type=\"heading.default\">\n\t\t\t\t<div class=\"elementor-widget-container\">\n\t\t\t\t\t<h2 class=\"elementor-heading-title elementor-size-default\">La mesa de billar de competici\u00f3n seg\u00fan Billards Br\u00e9ton<\/h2>\t\t\t\t<\/div>\n\t\t\t\t<\/div>\n\t\t\t\t<section class=\"elementor-section elementor-inner-section elementor-element elementor-element-403b2ecf elementor-section-boxed elementor-section-height-default elementor-section-height-default\" data-id=\"403b2ecf\" data-element_type=\"section\" data-e-type=\"section\">\n\t\t\t\t\t\t<div class=\"elementor-container elementor-column-gap-default\">\n\t\t\t\t\t<div class=\"elementor-column elementor-col-50 elementor-inner-column elementor-element elementor-element-6b7d83c7\" data-id=\"6b7d83c7\" data-element_type=\"column\" data-e-type=\"column\">\n\t\t\t<div class=\"elementor-widget-wrap elementor-element-populated\">\n\t\t\t\t\t\t<div class=\"elementor-element elementor-element-686bc899 elementor-widget elementor-widget-image\" data-id=\"686bc899\" data-element_type=\"widget\" data-e-type=\"widget\" data-widget_type=\"image.default\">\n\t\t\t\t<div class=\"elementor-widget-container\">\n\t\t\t\t\t\t\t\t\t\t\t\t\t\t\t<img decoding=\"async\" src=\"https:\/\/www.billards-breton.com\/wp-content\/uploads\/elementor\/thumbs\/BILLARD-PROFESSIONNEL-rmdg50zs8pqbfdg8nyek318rkco4ju78f76tfwkuy0.png\" title=\"BILLARD PROFESSIONNEL\" alt=\"table de billard de comp\u00e9tition\" loading=\"lazy\" \/>\t\t\t\t\t\t\t\t\t\t\t\t\t\t\t<\/div>\n\t\t\t\t<\/div>\n\t\t\t\t\t<\/div>\n\t\t<\/div>\n\t\t\t\t<div class=\"elementor-column elementor-col-50 elementor-inner-column elementor-element elementor-element-495b29ac\" data-id=\"495b29ac\" data-element_type=\"column\" data-e-type=\"column\">\n\t\t\t<div class=\"elementor-widget-wrap elementor-element-populated\">\n\t\t\t\t\t\t<div class=\"elementor-element elementor-element-5f06fe60 elementor-widget elementor-widget-heading\" data-id=\"5f06fe60\" data-element_type=\"widget\" data-e-type=\"widget\" data-widget_type=\"heading.default\">\n\t\t\t\t<div class=\"elementor-widget-container\">\n\t\t\t\t\t<h3 class=\"elementor-heading-title elementor-size-default\">El requisito de rendimiento<\/h3>\t\t\t\t<\/div>\n\t\t\t\t<\/div>\n\t\t\t\t<div class=\"elementor-element elementor-element-38cc72ed elementor-widget elementor-widget-text-editor\" data-id=\"38cc72ed\" data-element_type=\"widget\" data-e-type=\"widget\" data-widget_type=\"text-editor.default\">\n\t\t\t\t<div class=\"elementor-widget-container\">\n\t\t\t\t\t\t\t\t\t<p>Durante muchos a\u00f1os, Billards Br\u00e9ton ha sido socio de la <strong>Federaci\u00f3n Francesa de Billar<\/strong> y ha equipado muchas competiciones nacionales e internacionales, como las finales de Francia FFB, los Campeonatos Mundiales de la UMB y el AGIPI Billards Masters.< br \/><br \/>Hoy m\u00e1s de 500 billares AERO equipan los clubes de billar franceses (billar carambola) principalmente en Corea del Sur. <\/p>\n<p>Con motivo de estas competiciones, ofrecemos las mesas de billar m\u00e1s eficientes para satisfacer las necesidades de los mejores jugadores del mundo, sea cual sea su modo de juego favorito: billar franc\u00e9s, billar americano, snooker, ingl\u00e9s piscina\u2026<\/p>\n\t\t\t\t\t\t\t\t<\/div>\n\t\t\t\t<\/div>\n\t\t\t\t\t<\/div>\n\t\t<\/div>\n\t\t\t\t\t<\/div>\n\t\t<\/section>\n\t\t\t\t<section class=\"elementor-section elementor-inner-section elementor-element elementor-element-32793428 elementor-section-boxed elementor-section-height-default elementor-section-height-default\" data-id=\"32793428\" data-element_type=\"section\" data-e-type=\"section\">\n\t\t\t\t\t\t<div class=\"elementor-container elementor-column-gap-default\">\n\t\t\t\t\t<div class=\"elementor-column elementor-col-50 elementor-inner-column elementor-element elementor-element-1e2d19a3\" data-id=\"1e2d19a3\" data-element_type=\"column\" data-e-type=\"column\">\n\t\t\t<div class=\"elementor-widget-wrap elementor-element-populated\">\n\t\t\t\t\t\t<div class=\"elementor-element elementor-element-3e1b6cae elementor-widget elementor-widget-heading\" data-id=\"3e1b6cae\" data-element_type=\"widget\" data-e-type=\"widget\" data-widget_type=\"heading.default\">\n\t\t\t\t<div class=\"elementor-widget-container\">\n\t\t\t\t\t<h3 class=\"elementor-heading-title elementor-size-default\">DISE\u00d1O EXCEPCIONAL<\/h3>\t\t\t\t<\/div>\n\t\t\t\t<\/div>\n\t\t\t\t<div class=\"elementor-element elementor-element-536493d elementor-widget elementor-widget-text-editor\" data-id=\"536493d\" data-element_type=\"widget\" data-e-type=\"widget\" data-widget_type=\"text-editor.default\">\n\t\t\t\t<div class=\"elementor-widget-container\">\n\t\t\t\t\t\t\t\t\t<p>Desarrolladas con numerosos campeones de billar franceses o americanos, nuestras mesas de billar de competici\u00f3n cumplen con los criterios m\u00e1s exigentes: tanto si eres miembro de un club, una academia de billar o un jugador apasionado de este deporte, entrena y practica billar en las mismas condiciones. como los profesionales, en nuestras mesas de billar cuyas l\u00edneas deportivas se adaptan a los interiores m\u00e1s modernos.<\/p>\n<p>Nuestras mesas de billar de competici\u00f3n son bien seguras para las dimensiones oficiales, pero se pueden adaptar para cualquier uso particular, seg\u00fan sus deseos. .<\/p>\n\t\t\t\t\t\t\t\t<\/div>\n\t\t\t\t<\/div>\n\t\t\t\t\t<\/div>\n\t\t<\/div>\n\t\t\t\t<div class=\"elementor-column elementor-col-50 elementor-inner-column elementor-element elementor-element-5c07ae9c\" data-id=\"5c07ae9c\" data-element_type=\"column\" data-e-type=\"column\">\n\t\t\t<div class=\"elementor-widget-wrap elementor-element-populated\">\n\t\t\t\t\t\t<div class=\"elementor-element elementor-element-6e3f0370 elementor-widget elementor-widget-image\" data-id=\"6e3f0370\" data-element_type=\"widget\" data-e-type=\"widget\" data-widget_type=\"image.default\">\n\t\t\t\t<div class=\"elementor-widget-container\">\n\t\t\t\t\t\t\t\t\t\t\t\t\t\t\t<img decoding=\"async\" src=\"https:\/\/www.billards-breton.com\/wp-content\/uploads\/elementor\/thumbs\/break-billard-competition-05-1-550x550.jpg-rmc7acui75d9lsum7i6ydzofr56d1n2irbkqfco1ig.png\" title=\"break-billard-competition-05-1-550&#215;550.jpg\" alt=\"break-billard-competition-05-1-550x550.jpg\" loading=\"lazy\" \/>\t\t\t\t\t\t\t\t\t\t\t\t\t\t\t<\/div>\n\t\t\t\t<\/div>\n\t\t\t\t\t<\/div>\n\t\t<\/div>\n\t\t\t\t\t<\/div>\n\t\t<\/section>\n\t\t\t\t<section class=\"elementor-section elementor-inner-section elementor-element elementor-element-52c62eec elementor-section-boxed elementor-section-height-default elementor-section-height-default\" data-id=\"52c62eec\" data-element_type=\"section\" data-e-type=\"section\">\n\t\t\t\t\t\t<div class=\"elementor-container elementor-column-gap-default\">\n\t\t\t\t\t<div class=\"elementor-column elementor-col-50 elementor-inner-column elementor-element elementor-element-b3986f\" data-id=\"b3986f\" data-element_type=\"column\" data-e-type=\"column\">\n\t\t\t<div class=\"elementor-widget-wrap elementor-element-populated\">\n\t\t\t\t\t\t<div class=\"elementor-element elementor-element-3d955919 elementor-widget elementor-widget-image\" data-id=\"3d955919\" data-element_type=\"widget\" data-e-type=\"widget\" data-widget_type=\"image.default\">\n\t\t\t\t<div class=\"elementor-widget-container\">\n\t\t\t\t\t\t\t\t\t\t\t\t\t\t\t<img decoding=\"async\" src=\"https:\/\/www.billards-breton.com\/wp-content\/uploads\/elementor\/thumbs\/BILLARD-CONVERTIBLE-r6yn8ics9hddzuohu5h2ov7q0izwjxpfe9d0azed9k.png\" title=\"BILLARD CONVERTIBLE\" alt=\"BILLARD CONVERTIBLE\" loading=\"lazy\" \/>\t\t\t\t\t\t\t\t\t\t\t\t\t\t\t<\/div>\n\t\t\t\t<\/div>\n\t\t\t\t\t<\/div>\n\t\t<\/div>\n\t\t\t\t<div class=\"elementor-column elementor-col-50 elementor-inner-column elementor-element elementor-element-70a95d0a\" data-id=\"70a95d0a\" data-element_type=\"column\" data-e-type=\"column\">\n\t\t\t<div class=\"elementor-widget-wrap elementor-element-populated\">\n\t\t\t\t\t\t<div class=\"elementor-element elementor-element-9b02cb4 elementor-widget elementor-widget-heading\" data-id=\"9b02cb4\" data-element_type=\"widget\" data-e-type=\"widget\" data-widget_type=\"heading.default\">\n\t\t\t\t<div class=\"elementor-widget-container\">\n\t\t\t\t\t<h3 class=\"elementor-heading-title elementor-size-default\">Un billar de dise\u00f1o adaptado a tu espacio<\/h3>\t\t\t\t<\/div>\n\t\t\t\t<\/div>\n\t\t\t\t<div class=\"elementor-element elementor-element-2b0f0ce1 elementor-widget elementor-widget-text-editor\" data-id=\"2b0f0ce1\" data-element_type=\"widget\" data-e-type=\"widget\" data-widget_type=\"text-editor.default\">\n\t\t\t\t<div class=\"elementor-widget-container\">\n\t\t\t\t\t\t\t\t\t<p>Ahorre espacio y aproveche a\u00fan m\u00e1s su mesa de billar competitiva transform\u00e1ndola en una hermosa mesa. La opci\u00f3n table top te permite tener tu mesa de billar para comer c\u00f3modamente alrededor de una mesa grande. Adem\u00e1s de optimizar el espacio, elegir un billar convertible tambi\u00e9n es una muy buena idea para rentabilizar la compra de un billar de la competencia.<\/p>\n\t\t\t\t\t\t\t\t<\/div>\n\t\t\t\t<\/div>\n\t\t\t\t\t<\/div>\n\t\t<\/div>\n\t\t\t\t\t<\/div>\n\t\t<\/section>\n\t\t\t\t\t<\/div>\n\t\t<\/div>\n\t\t\t\t\t<\/div>\n\t\t<\/section>\n\t\t\t\t<\/div>\n\t\t","protected":false},"excerpt":{"rendered":"<p>Mesa de billar de competici\u00f3n Mesas de billar de alto rendimiento para jugadores experimentados y profesionales. Mesa de billar aero competici\u00f3n Nuestra \u00faltima referencia para los jugadores m\u00e1s exigentes Para descubrir Billar Break En competici\u00f3n como en casa: \u00a1sensaciones de juego excepcionales! Para descubrir Billar de competici\u00f3n 2001 Una mesa de billar vanguardista con m\u00faltiples [&hellip;]<\/p>\n","protected":false},"author":1,"featured_media":0,"parent":0,"menu_order":0,"comment_status":"closed","ping_status":"closed","template":"","meta":{"footnotes":""},"class_list":["post-2063","page","type-page","status-publish","hentry"],"_links":{"self":[{"href":"https:\/\/www.billards-breton.com\/es\/wp-json\/wp\/v2\/pages\/2063","targetHints":{"allow":["GET"]}}],"collection":[{"href":"https:\/\/www.billards-breton.com\/es\/wp-json\/wp\/v2\/pages"}],"about":[{"href":"https:\/\/www.billards-breton.com\/es\/wp-json\/wp\/v2\/types\/page"}],"author":[{"embeddable":true,"href":"https:\/\/www.billards-breton.com\/es\/wp-json\/wp\/v2\/users\/1"}],"replies":[{"embeddable":true,"href":"https:\/\/www.billards-breton.com\/es\/wp-json\/wp\/v2\/comments?post=2063"}],"version-history":[{"count":3,"href":"https:\/\/www.billards-breton.com\/es\/wp-json\/wp\/v2\/pages\/2063\/revisions"}],"predecessor-version":[{"id":18500,"href":"https:\/\/www.billards-breton.com\/es\/wp-json\/wp\/v2\/pages\/2063\/revisions\/18500"}],"wp:attachment":[{"href":"https:\/\/www.billards-breton.com\/es\/wp-json\/wp\/v2\/media?parent=2063"}],"curies":[{"name":"wp","href":"https:\/\/api.w.org\/{rel}","templated":true}]}}