{"id":3562,"date":"2019-11-07T16:07:06","date_gmt":"2019-11-07T15:07:06","guid":{"rendered":"http:\/\/www.billards-breton.com\/consejos-billar-en-casa\/billard-pas-cher\/"},"modified":"2023-06-02T20:01:06","modified_gmt":"2023-06-02T18:01:06","slug":"billar-mas-barato","status":"publish","type":"page","link":"https:\/\/www.billards-breton.com\/es\/consejos-billar-en-casa\/billar-mas-barato\/","title":{"rendered":"Comprar una mesa de billar m\u00e1s barata"},"content":{"rendered":"\t\t<div data-elementor-type=\"wp-page\" data-elementor-id=\"3562\" class=\"elementor elementor-3562 elementor-2875\" data-elementor-post-type=\"page\">\n\t\t\t\t\t\t<section class=\"elementor-section elementor-top-section elementor-element elementor-element-5e87358b elementor-section-boxed elementor-section-height-default elementor-section-height-default\" data-id=\"5e87358b\" data-element_type=\"section\" data-e-type=\"section\">\n\t\t\t\t\t\t<div class=\"elementor-container elementor-column-gap-default\">\n\t\t\t\t\t<div class=\"elementor-column elementor-col-100 elementor-top-column elementor-element elementor-element-7512bd73\" data-id=\"7512bd73\" data-element_type=\"column\" data-e-type=\"column\">\n\t\t\t<div class=\"elementor-widget-wrap elementor-element-populated\">\n\t\t\t\t\t\t<div class=\"elementor-element elementor-element-50d1f754 elementor-widget elementor-widget-woocommerce-breadcrumb\" data-id=\"50d1f754\" data-element_type=\"widget\" data-e-type=\"widget\" data-widget_type=\"woocommerce-breadcrumb.default\">\n\t\t\t\t<div class=\"elementor-widget-container\">\n\t\t\t\t\t<nav class=\"woocommerce-breadcrumb\" aria-label=\"Breadcrumb\">Billards Breton<\/nav>\t\t\t\t<\/div>\n\t\t\t\t<\/div>\n\t\t\t\t\t<\/div>\n\t\t<\/div>\n\t\t\t\t\t<\/div>\n\t\t<\/section>\n\t\t\t\t<section class=\"elementor-section elementor-top-section elementor-element elementor-element-4c41db42 elementor-section-boxed elementor-section-height-default elementor-section-height-default\" data-id=\"4c41db42\" data-element_type=\"section\" data-e-type=\"section\">\n\t\t\t\t\t\t<div class=\"elementor-container elementor-column-gap-default\">\n\t\t\t\t\t<div class=\"elementor-column elementor-col-100 elementor-top-column elementor-element elementor-element-3221d04a\" data-id=\"3221d04a\" data-element_type=\"column\" data-e-type=\"column\">\n\t\t\t<div class=\"elementor-widget-wrap elementor-element-populated\">\n\t\t\t\t\t\t<div class=\"elementor-element elementor-element-5857d1b elementor-widget elementor-widget-heading\" data-id=\"5857d1b\" data-element_type=\"widget\" data-e-type=\"widget\" data-widget_type=\"heading.default\">\n\t\t\t\t<div class=\"elementor-widget-container\">\n\t\t\t\t\t<h1 class=\"elementor-heading-title elementor-size-default\">Compra una mesa de billar m\u00e1s barata<\/h1>\t\t\t\t<\/div>\n\t\t\t\t<\/div>\n\t\t\t\t\t<\/div>\n\t\t<\/div>\n\t\t\t\t\t<\/div>\n\t\t<\/section>\n\t\t\t\t<section class=\"elementor-section elementor-top-section elementor-element elementor-element-3ebe3ad1 elementor-section-boxed elementor-section-height-default elementor-section-height-default\" data-id=\"3ebe3ad1\" data-element_type=\"section\" data-e-type=\"section\">\n\t\t\t\t\t\t<div class=\"elementor-container elementor-column-gap-default\">\n\t\t\t\t\t<div class=\"elementor-column elementor-col-100 elementor-top-column elementor-element elementor-element-5034fb68\" data-id=\"5034fb68\" data-element_type=\"column\" data-e-type=\"column\">\n\t\t\t<div class=\"elementor-widget-wrap elementor-element-populated\">\n\t\t\t\t\t\t<div class=\"elementor-element elementor-element-30f58992 elementor-widget elementor-widget-text-editor\" data-id=\"30f58992\" data-element_type=\"widget\" data-e-type=\"widget\" data-widget_type=\"text-editor.default\">\n\t\t\t\t<div class=\"elementor-widget-container\">\n\t\t\t\t\t\t\t\t\t<p class=\"shady\">\u00bfAlguna vez has pensado en comprar tu propia mesa de billar? M\u00e1s que un juego, es un complemento de dise\u00f1o que puedes instalar en tu hogar para darle car\u00e1cter a tu hogar y dotar a la estancia en la que lo instales de una atm\u00f3sfera y un estilo propio. No dudes en comprar una mesa de billar barata en Billards Br\u00e9ton.<\/p>\n\t\t\t\t\t\t\t\t<\/div>\n\t\t\t\t<\/div>\n\t\t\t\t\t<\/div>\n\t\t<\/div>\n\t\t\t\t\t<\/div>\n\t\t<\/section>\n\t\t\t\t<section class=\"elementor-section elementor-top-section elementor-element elementor-element-179dfa6 elementor-section-boxed elementor-section-height-default elementor-section-height-default\" data-id=\"179dfa6\" data-element_type=\"section\" data-e-type=\"section\">\n\t\t\t\t\t\t<div class=\"elementor-container elementor-column-gap-default\">\n\t\t\t\t\t<div class=\"elementor-column elementor-col-100 elementor-top-column elementor-element elementor-element-e077144\" data-id=\"e077144\" data-element_type=\"column\" data-e-type=\"column\">\n\t\t\t<div class=\"elementor-widget-wrap elementor-element-populated\">\n\t\t\t\t\t\t<div class=\"elementor-element elementor-element-4eecd17 elementor-widget elementor-widget-heading\" data-id=\"4eecd17\" data-element_type=\"widget\" data-e-type=\"widget\" data-widget_type=\"heading.default\">\n\t\t\t\t<div class=\"elementor-widget-container\">\n\t\t\t\t\t<h2 class=\"elementor-heading-title elementor-size-default\">\u00a1Nuestras ofertas de billar m\u00e1s baratas!<\/h2>\t\t\t\t<\/div>\n\t\t\t\t<\/div>\n\t\t\t\t<div class=\"elementor-element elementor-element-0f2ce26 red_link elementor-widget elementor-widget-text-editor\" data-id=\"0f2ce26\" data-element_type=\"widget\" data-e-type=\"widget\" data-widget_type=\"text-editor.default\">\n\t\t\t\t<div class=\"elementor-widget-container\">\n\t\t\t\t\t\t\t\t\t<p>Aproveche las buenas ofertas y ofertas especiales de Billards Br\u00e9ton: consulte la lista de nuestros <a href=\"https:\/\/www.billards-breton.com\/es\/billar-secunda-mano-liquidacion\/\">billares a la venta, en oferta<\/a> o incluso la de nuestros billares de segunda mano \u2026 y compra inteligente! Si quieres encontrar una mesa de billar barata, \u00a1has venido al lugar correcto! Todos nuestros billares, incluso los de segunda mano, est\u00e1n renovados para asegurarnos de ofrecerte solo la mejor calidad a los precios m\u00e1s bajos.<\/p>\n\t\t\t\t\t\t\t\t<\/div>\n\t\t\t\t<\/div>\n\t\t\t\t\t<\/div>\n\t\t<\/div>\n\t\t\t\t\t<\/div>\n\t\t<\/section>\n\t\t\t\t<section class=\"elementor-section elementor-top-section elementor-element elementor-element-8199aa3 elementor-section-boxed elementor-section-height-default elementor-section-height-default\" data-id=\"8199aa3\" data-element_type=\"section\" data-e-type=\"section\">\n\t\t\t\t\t\t<div class=\"elementor-container elementor-column-gap-default\">\n\t\t\t\t\t<div class=\"elementor-column elementor-col-33 elementor-top-column elementor-element elementor-element-2495077\" data-id=\"2495077\" data-element_type=\"column\" data-e-type=\"column\">\n\t\t\t<div class=\"elementor-widget-wrap elementor-element-populated\">\n\t\t\t\t\t\t<div class=\"elementor-element elementor-element-cefd381 elementor-align-center elementor-mobile-align-center elementor-widget elementor-widget-button\" data-id=\"cefd381\" data-element_type=\"widget\" data-e-type=\"widget\" data-widget_type=\"button.default\">\n\t\t\t\t<div class=\"elementor-widget-container\">\n\t\t\t\t\t\t\t\t\t<div class=\"elementor-button-wrapper\">\n\t\t\t\t\t<a class=\"elementor-button elementor-button-link elementor-size-sm\" href=\"https:\/\/www.billards-breton.com\/es\/billar-secunda-mano-liquidacion\/\">\n\t\t\t\t\t\t<span class=\"elementor-button-content-wrapper\">\n\t\t\t\t\t\t\t\t\t<span class=\"elementor-button-text\">Nuestras oportunidades<\/span>\n\t\t\t\t\t<\/span>\n\t\t\t\t\t<\/a>\n\t\t\t\t<\/div>\n\t\t\t\t\t\t\t\t<\/div>\n\t\t\t\t<\/div>\n\t\t\t\t\t<\/div>\n\t\t<\/div>\n\t\t\t\t<div class=\"elementor-column elementor-col-33 elementor-top-column elementor-element elementor-element-22ad79e\" data-id=\"22ad79e\" data-element_type=\"column\" data-e-type=\"column\">\n\t\t\t<div class=\"elementor-widget-wrap elementor-element-populated\">\n\t\t\t\t\t\t<div class=\"elementor-element elementor-element-addf129 elementor-align-center elementor-mobile-align-center elementor-widget elementor-widget-button\" data-id=\"addf129\" data-element_type=\"widget\" data-e-type=\"widget\" data-widget_type=\"button.default\">\n\t\t\t\t<div class=\"elementor-widget-container\">\n\t\t\t\t\t\t\t\t\t<div class=\"elementor-button-wrapper\">\n\t\t\t\t\t<a class=\"elementor-button elementor-button-link elementor-size-sm\" href=\"https:\/\/www.billards-breton.com\/es\/billar-secunda-mano-liquidacion\/\">\n\t\t\t\t\t\t<span class=\"elementor-button-content-wrapper\">\n\t\t\t\t\t\t\t\t\t<span class=\"elementor-button-text\">Nuestras autorizaciones<\/span>\n\t\t\t\t\t<\/span>\n\t\t\t\t\t<\/a>\n\t\t\t\t<\/div>\n\t\t\t\t\t\t\t\t<\/div>\n\t\t\t\t<\/div>\n\t\t\t\t\t<\/div>\n\t\t<\/div>\n\t\t\t\t<div class=\"elementor-column elementor-col-33 elementor-top-column elementor-element elementor-element-ab8620a\" data-id=\"ab8620a\" data-element_type=\"column\" data-e-type=\"column\">\n\t\t\t<div class=\"elementor-widget-wrap elementor-element-populated\">\n\t\t\t\t\t\t<div class=\"elementor-element elementor-element-57b3f79 elementor-align-center elementor-mobile-align-center elementor-widget elementor-widget-button\" data-id=\"57b3f79\" data-element_type=\"widget\" data-e-type=\"widget\" data-widget_type=\"button.default\">\n\t\t\t\t<div class=\"elementor-widget-container\">\n\t\t\t\t\t\t\t\t\t<div class=\"elementor-button-wrapper\">\n\t\t\t\t\t<a class=\"elementor-button elementor-button-link elementor-size-sm\" href=\"https:\/\/www.billards-breton.com\/es\/contactar\/\">\n\t\t\t\t\t\t<span class=\"elementor-button-content-wrapper\">\n\t\t\t\t\t\t\t\t\t<span class=\"elementor-button-text\">Cont\u00e1ctenos<\/span>\n\t\t\t\t\t<\/span>\n\t\t\t\t\t<\/a>\n\t\t\t\t<\/div>\n\t\t\t\t\t\t\t\t<\/div>\n\t\t\t\t<\/div>\n\t\t\t\t\t<\/div>\n\t\t<\/div>\n\t\t\t\t\t<\/div>\n\t\t<\/section>\n\t\t\t\t<section class=\"elementor-section elementor-top-section elementor-element elementor-element-63b08ee elementor-section-boxed elementor-section-height-default elementor-section-height-default\" data-id=\"63b08ee\" data-element_type=\"section\" data-e-type=\"section\">\n\t\t\t\t\t\t<div class=\"elementor-container elementor-column-gap-default\">\n\t\t\t\t\t<div class=\"elementor-column elementor-col-100 elementor-top-column elementor-element elementor-element-29c6c43\" data-id=\"29c6c43\" data-element_type=\"column\" data-e-type=\"column\">\n\t\t\t<div class=\"elementor-widget-wrap elementor-element-populated\">\n\t\t\t\t\t\t<div class=\"elementor-element elementor-element-96c5744 elementor-widget elementor-widget-heading\" data-id=\"96c5744\" data-element_type=\"widget\" data-e-type=\"widget\" data-widget_type=\"heading.default\">\n\t\t\t\t<div class=\"elementor-widget-container\">\n\t\t\t\t\t<h2 class=\"elementor-heading-title elementor-size-default\">Accesorio de juego, complemento de dise\u00f1o a menor coste<\/h2>\t\t\t\t<\/div>\n\t\t\t\t<\/div>\n\t\t\t\t<div class=\"elementor-element elementor-element-8daa7f6 red_link elementor-widget elementor-widget-text-editor\" data-id=\"8daa7f6\" data-element_type=\"widget\" data-e-type=\"widget\" data-widget_type=\"text-editor.default\">\n\t\t\t\t<div class=\"elementor-widget-container\">\n\t\t\t\t\t\t\t\t\t<p>Billards Br\u00e9ton te ofrece diferentes tipos de <a href=\"https:\/\/www.billards-breton.com\/es\/billar-secunda-mano-liquidacion\/\">billares baratos<\/a> para que encuentres el que mejor se adapta al estilo de tu hogar, o al que te gustar\u00eda gusta darle. <a href=\"https:\/\/www.billards-breton.com\/es\/billar-madera-clasico\/\">Mesa de madera<\/a>, color dominante, billar ingl\u00e9s o americano, todo vale para brindarte la mesa de juego que necesitas.<\/p>\n<p>Al combinar su mesa de billar con su decoraci\u00f3n, sus amigos y familiares que visiten su hogar seguramente disfrutar\u00e1n de la vista de una mesa de billar que resalte su decoraci\u00f3n, y siempre tendr\u00e1 una actividad que ofrecer a quienes lo visiten para estar poder discutir en paz, intercambiar, informarse, renovar o consolidar lazos en torno a una partida de billar.<\/p>\n<p>Para realzar la decoraci\u00f3n de la sala, Billards Br\u00e9ton tambi\u00e9n ofrece toda una gama de accesorios de billar econ\u00f3micos, desde billar tacos, imprescindibles por supuesto para tus partidas y adaptados al estilo de juego que quieras favorecer en tu mesa de billar, hasta tacos para fijar a la pared en los que podr\u00e1s guardarlos una vez acabada la partida. Tambi\u00e9n encontrar\u00e1s tacos de billar, marcadores de puntas, tizas de billar e incluso guantes para mejorar el agarre del taco y mejorar as\u00ed tu propio rendimiento.<\/p>\n<p>Este juego, cuyo origen se remonta a Luis XIII, pero que ha existido tal como lo conocemos desde principios del siglo XX, tiene la ventaja de ser simple de entender y jugar, al tiempo que ofrece un enorme margen de mejora para los jugadores que desean mejorar. T\u00e9cnicas de tiro, c\u00e1lculo de \u00e1ngulos de rebote, fuerza del tiro, muchos par\u00e1metros a tener en cuenta para aquellos que deseen mejorar su juego, para otros ser\u00e1 un juego en constante renovaci\u00f3n, siempre divertido y completamente atemporal, que acompa\u00f1ar\u00e1 perfectamente una velada con amigos o una visita bajo el signo de la discusi\u00f3n y, por qu\u00e9 no, la relajaci\u00f3n.<\/p>\n\t\t\t\t\t\t\t\t<\/div>\n\t\t\t\t<\/div>\n\t\t\t\t\t<\/div>\n\t\t<\/div>\n\t\t\t\t\t<\/div>\n\t\t<\/section>\n\t\t\t\t<section class=\"elementor-section elementor-top-section elementor-element elementor-element-637ce51 elementor-section-boxed elementor-section-height-default elementor-section-height-default\" data-id=\"637ce51\" data-element_type=\"section\" data-e-type=\"section\">\n\t\t\t\t\t\t<div class=\"elementor-container elementor-column-gap-default\">\n\t\t\t\t\t<div class=\"elementor-column elementor-col-100 elementor-top-column elementor-element elementor-element-1ce6b5f\" data-id=\"1ce6b5f\" data-element_type=\"column\" data-e-type=\"column\">\n\t\t\t<div class=\"elementor-widget-wrap elementor-element-populated\">\n\t\t\t\t\t\t<div class=\"elementor-element elementor-element-2e50836 elementor-widget elementor-widget-heading\" data-id=\"2e50836\" data-element_type=\"widget\" data-e-type=\"widget\" data-widget_type=\"heading.default\">\n\t\t\t\t<div class=\"elementor-widget-container\">\n\t\t\t\t\t<h2 class=\"elementor-heading-title elementor-size-default\">La mesa de billar multiusos m\u00e1s barata<\/h2>\t\t\t\t<\/div>\n\t\t\t\t<\/div>\n\t\t\t\t<div class=\"elementor-element elementor-element-f6f4eb1 red_link elementor-widget elementor-widget-text-editor\" data-id=\"f6f4eb1\" data-element_type=\"widget\" data-e-type=\"widget\" data-widget_type=\"text-editor.default\">\n\t\t\t\t<div class=\"elementor-widget-container\">\n\t\t\t\t\t\t\t\t\t<p>Ren\u00e9 Magritte dijo de su pintura que representaba una pipa que \u00e9sta no era una pipa. En Billards Br\u00e9ton, nuestros billares no son solo billares, \u00a1son mucho m\u00e1s! Descubra las <a href=\"\/es\/billar-convertible-mesa-comedor\/\">mesas transformables<\/a>, que se pueden convertir en mesas de comedor de una sola vez. oculta la mesa de juego a continuaci\u00f3n, o las <a href=\"\/es\/mesa-billar-mixta\/\">mesas de billar que se pueden convertir en un juego ingl\u00e9s o americano<\/a> seg\u00fan tus reglas favoritas y los de tus invitados.<\/p><p>En billares econ\u00f3micos, puedes encontrar todos los estilos de mesas en Billards Br\u00e9ton, desde billares econ\u00f3micos para el ocio hasta mesas de competici\u00f3n, construidas de acuerdo con los est\u00e1ndares para ofrecerte una mesa bastante comparable a las que utilizan los profesionales en las que puedes entrenar para mejorar. tu actuaci\u00f3n.<\/p>\t\t\t\t\t\t\t\t<\/div>\n\t\t\t\t<\/div>\n\t\t\t\t\t<\/div>\n\t\t<\/div>\n\t\t\t\t\t<\/div>\n\t\t<\/section>\n\t\t\t\t<section class=\"elementor-section elementor-top-section elementor-element elementor-element-23e193c elementor-section-boxed elementor-section-height-default elementor-section-height-default\" data-id=\"23e193c\" data-element_type=\"section\" data-e-type=\"section\">\n\t\t\t\t\t\t<div class=\"elementor-container elementor-column-gap-default\">\n\t\t\t\t\t<div class=\"elementor-column elementor-col-100 elementor-top-column elementor-element elementor-element-009a55f\" data-id=\"009a55f\" data-element_type=\"column\" data-e-type=\"column\">\n\t\t\t<div class=\"elementor-widget-wrap elementor-element-populated\">\n\t\t\t\t\t\t<div class=\"elementor-element elementor-element-fe7fed5 elementor-widget elementor-widget-heading\" data-id=\"fe7fed5\" data-element_type=\"widget\" data-e-type=\"widget\" data-widget_type=\"heading.default\">\n\t\t\t\t<div class=\"elementor-widget-container\">\n\t\t\t\t\t<h2 class=\"elementor-heading-title elementor-size-default\">Haga su elecci\u00f3n de billar en Billards Br\u00e9ton<\/h2>\t\t\t\t<\/div>\n\t\t\t\t<\/div>\n\t\t\t\t<div class=\"elementor-element elementor-element-fbdf9d5 red_link elementor-widget elementor-widget-text-editor\" data-id=\"fbdf9d5\" data-element_type=\"widget\" data-e-type=\"widget\" data-widget_type=\"text-editor.default\">\n\t\t\t\t<div class=\"elementor-widget-container\">\n\t\t\t\t\t\t\t\t\t<p>Cada una de nuestras mesas de billar en promoci\u00f3n, liquidaci\u00f3n o segunda mano se beneficia de la <strong>garant\u00eda Billards Br\u00e9ton<\/strong>. Te est\u00e1n esperando en nuestro sitio de Orgeval: \u00a1cont\u00e1ctanos para conocerlos y ven a probarlos! Y si lo prefieres, tambi\u00e9n puedes <a href=\"https:\/\/www.billards-breton.com\/es\/contactar\/\">solicitar gratis tu cat\u00e1logo de billar Billards Br\u00e9ton<\/a> para encontrar \u00a1EL billar barato que T\u00da te gustar\u00e1! As\u00ed que no dudes en pedir tu cat\u00e1logo Billard Br\u00e9ton hoy mismo.<\/p>\t\t\t\t\t\t\t\t<\/div>\n\t\t\t\t<\/div>\n\t\t\t\t\t<\/div>\n\t\t<\/div>\n\t\t\t\t\t<\/div>\n\t\t<\/section>\n\t\t\t\t<section class=\"elementor-section elementor-top-section elementor-element elementor-element-3af66092 elementor-section-height-min-height elementor-section-boxed elementor-section-height-default elementor-section-items-middle\" data-id=\"3af66092\" data-element_type=\"section\" data-e-type=\"section\">\n\t\t\t\t\t\t<div class=\"elementor-container elementor-column-gap-default\">\n\t\t\t\t\t<div class=\"elementor-column elementor-col-100 elementor-top-column elementor-element elementor-element-708375d1\" data-id=\"708375d1\" data-element_type=\"column\" data-e-type=\"column\">\n\t\t\t<div class=\"elementor-widget-wrap elementor-element-populated\">\n\t\t\t\t\t\t<section class=\"elementor-section elementor-inner-section elementor-element elementor-element-16386e4c elementor-section-height-min-height elementor-section-boxed elementor-section-height-default\" data-id=\"16386e4c\" data-element_type=\"section\" data-e-type=\"section\" data-settings=\"{&quot;background_background&quot;:&quot;classic&quot;}\">\n\t\t\t\t\t\t<div class=\"elementor-container elementor-column-gap-default\">\n\t\t\t\t\t<div class=\"elementor-column elementor-col-50 elementor-inner-column elementor-element elementor-element-6355cce white_block\" data-id=\"6355cce\" data-element_type=\"column\" data-e-type=\"column\">\n\t\t\t<div class=\"elementor-widget-wrap elementor-element-populated\">\n\t\t\t\t\t\t<div class=\"elementor-element elementor-element-1981e86c elementor-widget elementor-widget-heading\" data-id=\"1981e86c\" data-element_type=\"widget\" data-e-type=\"widget\" data-widget_type=\"heading.default\">\n\t\t\t\t<div class=\"elementor-widget-container\">\n\t\t\t\t\t<h2 class=\"elementor-heading-title elementor-size-default\">Encuentra la mesa de billar ideal visitando nuestro showroom<\/h2>\t\t\t\t<\/div>\n\t\t\t\t<\/div>\n\t\t\t\t<div class=\"elementor-element elementor-element-4b84e306 elementor-widget elementor-widget-text-editor\" data-id=\"4b84e306\" data-element_type=\"widget\" data-e-type=\"widget\" data-widget_type=\"text-editor.default\">\n\t\t\t\t<div class=\"elementor-widget-container\">\n\t\t\t\t\t\t\t\t\t<p>\u00bfEst\u00e1s pensando en comprar un Billiard Breton? Ven a visitar nuestro showroom de m\u00e1s de 300m2 en Orgeval, en la regi\u00f3n de \u00cele-de-France.<\/p>\n<p>All\u00ed encontrar\u00e1 nuestras mesas de billar y nuestro taller de fabricaci\u00f3n.<\/p>\n\t\t\t\t\t\t\t\t<\/div>\n\t\t\t\t<\/div>\n\t\t\t\t<div class=\"elementor-element elementor-element-125d2825 elementor-align-left elementor-widget elementor-widget-button\" data-id=\"125d2825\" data-element_type=\"widget\" data-e-type=\"widget\" data-widget_type=\"button.default\">\n\t\t\t\t<div class=\"elementor-widget-container\">\n\t\t\t\t\t\t\t\t\t<div class=\"elementor-button-wrapper\">\n\t\t\t\t\t<a class=\"elementor-button elementor-button-link elementor-size-sm\" href=\"https:\/\/www.billards-breton.com\/es\/acerca-de-billards-breton\/showroom-de-billares\/\">\n\t\t\t\t\t\t<span class=\"elementor-button-content-wrapper\">\n\t\t\t\t\t\t\t\t\t<span class=\"elementor-button-text\">M\u00e1s informaci\u00f3n<\/span>\n\t\t\t\t\t<\/span>\n\t\t\t\t\t<\/a>\n\t\t\t\t<\/div>\n\t\t\t\t\t\t\t\t<\/div>\n\t\t\t\t<\/div>\n\t\t\t\t\t<\/div>\n\t\t<\/div>\n\t\t\t\t<div class=\"elementor-column elementor-col-50 elementor-inner-column elementor-element elementor-element-65f406fd\" data-id=\"65f406fd\" data-element_type=\"column\" data-e-type=\"column\">\n\t\t\t<div class=\"elementor-widget-wrap\">\n\t\t\t\t\t\t\t<\/div>\n\t\t<\/div>\n\t\t\t\t\t<\/div>\n\t\t<\/section>\n\t\t\t\t\t<\/div>\n\t\t<\/div>\n\t\t\t\t\t<\/div>\n\t\t<\/section>\n\t\t\t\t<\/div>\n\t\t","protected":false},"excerpt":{"rendered":"<p>Compra una mesa de billar m\u00e1s barata \u00bfAlguna vez has pensado en comprar tu propia mesa de billar? M\u00e1s que un juego, es un complemento de dise\u00f1o que puedes instalar en tu hogar para darle car\u00e1cter a tu hogar y dotar a la estancia en la que lo instales de una atm\u00f3sfera y un estilo [&hellip;]<\/p>\n","protected":false},"author":1,"featured_media":0,"parent":2094,"menu_order":0,"comment_status":"closed","ping_status":"closed","template":"","meta":{"footnotes":""},"class_list":["post-3562","page","type-page","status-publish","hentry"],"_links":{"self":[{"href":"https:\/\/www.billards-breton.com\/es\/wp-json\/wp\/v2\/pages\/3562","targetHints":{"allow":["GET"]}}],"collection":[{"href":"https:\/\/www.billards-breton.com\/es\/wp-json\/wp\/v2\/pages"}],"about":[{"href":"https:\/\/www.billards-breton.com\/es\/wp-json\/wp\/v2\/types\/page"}],"author":[{"embeddable":true,"href":"https:\/\/www.billards-breton.com\/es\/wp-json\/wp\/v2\/users\/1"}],"replies":[{"embeddable":true,"href":"https:\/\/www.billards-breton.com\/es\/wp-json\/wp\/v2\/comments?post=3562"}],"version-history":[{"count":3,"href":"https:\/\/www.billards-breton.com\/es\/wp-json\/wp\/v2\/pages\/3562\/revisions"}],"predecessor-version":[{"id":17597,"href":"https:\/\/www.billards-breton.com\/es\/wp-json\/wp\/v2\/pages\/3562\/revisions\/17597"}],"up":[{"embeddable":true,"href":"https:\/\/www.billards-breton.com\/es\/wp-json\/wp\/v2\/pages\/2094"}],"wp:attachment":[{"href":"https:\/\/www.billards-breton.com\/es\/wp-json\/wp\/v2\/media?parent=3562"}],"curies":[{"name":"wp","href":"https:\/\/api.w.org\/{rel}","templated":true}]}}